{"id":25683,"date":"2021-11-09T09:41:35","date_gmt":"2021-11-09T08:41:35","guid":{"rendered":"https:\/\/abeco.se\/?page_id=25683"},"modified":"2025-03-13T08:02:31","modified_gmt":"2025-03-13T07:02:31","slug":"specialhyllplan","status":"publish","type":"page","link":"https:\/\/abeco.se\/en\/specialhyllplan\/","title":{"rendered":"Special shelf"},"content":{"rendered":"<p>[et_pb_section fb_built=&#8221;1&#8243; custom_padding_last_edited=&#8221;on|phone&#8221; _builder_version=&#8221;4.16&#8243; _module_preset=&#8221;default&#8221; background_image=&#8221;https:\/\/abeco.se\/wp-content\/uploads\/2021\/11\/skog.jpg&#8221; custom_padding=&#8221;||||false|false&#8221; custom_padding_tablet=&#8221;&#8221; custom_padding_phone=&#8221;0px||0px||false|false&#8221; global_colors_info=&#8221;{}&#8221;][et_pb_row _builder_version=&#8221;4.16&#8243; _module_preset=&#8221;default&#8221; custom_margin=&#8221;||||false|false&#8221; global_colors_info=&#8221;{}&#8221;][et_pb_column type=&#8221;4_4&#8243; _builder_version=&#8221;4.16&#8243; _module_preset=&#8221;default&#8221; global_colors_info=&#8221;{}&#8221;][et_pb_text _builder_version=&#8221;4.27.4&#8243; _module_preset=&#8221;default&#8221; header_text_color=&#8221;#FFFFFF&#8221; header_font_size=&#8221;40px&#8221; hover_enabled=&#8221;0&#8243; global_colors_info=&#8221;{}&#8221; sticky_enabled=&#8221;0&#8243;]<\/p>\n<h1 class=\"page-title\">Specialhyllplan<\/h1>\n<p>[\/et_pb_text][\/et_pb_column][\/et_pb_row][\/et_pb_section][et_pb_section fb_built=&#8221;1&#8243; _builder_version=&#8221;4.16&#8243; _module_preset=&#8221;default&#8221; global_colors_info=&#8221;{}&#8221;][et_pb_row column_structure=&#8221;2_3,1_3&#8243; _builder_version=&#8221;4.17.4&#8243; _module_preset=&#8221;default&#8221; custom_padding=&#8221;||0px||false|false&#8221; global_colors_info=&#8221;{}&#8221;][et_pb_column type=&#8221;2_3&#8243; _builder_version=&#8221;4.17.4&#8243; _module_preset=&#8221;default&#8221; global_colors_info=&#8221;{}&#8221;][et_pb_text _builder_version=&#8221;4.16&#8243; _module_preset=&#8221;default&#8221; text_font_size=&#8221;16px&#8221; link_text_color=&#8221;#0645ad&#8221; global_colors_info=&#8221;{}&#8221;]Hyllplan\/Specialskivor av melaminbelagd sp\u00e5nskiva. Finns i olika dimensioner och utf\u00f6rande s\u00e5som kantlistade, utfr\u00e4sta och borrade. Passar utm\u00e4rkt till garderober, takanslutningar och inbyggnation av diverse installationer etc.<\/p>\n<p><a href=\"https:\/\/abeco.se\/kontakt\/\"><span style=\"text-decoration: underline;\">Kontakta oss g\u00e4rna f\u00f6r mer information!<\/span><\/a>[\/et_pb_text][\/et_pb_column][et_pb_column type=&#8221;1_3&#8243; _builder_version=&#8221;4.17.4&#8243; _module_preset=&#8221;default&#8221; global_colors_info=&#8221;{}&#8221;][et_pb_image src=&#8221;https:\/\/abeco.se\/wp-content\/uploads\/2022\/08\/hyllplanprodukt-e1660910219405.jpg&#8221; title_text=&#8221;hyllplanprodukt&#8221; _builder_version=&#8221;4.17.4&#8243; _module_preset=&#8221;default&#8221; min_height=&#8221;300px&#8221; height=&#8221;300px&#8221; overflow-y=&#8221;hidden&#8221; global_colors_info=&#8221;{}&#8221;][\/et_pb_image][\/et_pb_column][\/et_pb_row][et_pb_row column_structure=&#8221;1_3,1_3,1_3&#8243; _builder_version=&#8221;4.17.4&#8243; _module_preset=&#8221;default&#8221; global_colors_info=&#8221;{}&#8221;][et_pb_column type=&#8221;1_3&#8243; _builder_version=&#8221;4.17.4&#8243; _module_preset=&#8221;default&#8221; global_colors_info=&#8221;{}&#8221;][et_pb_image src=&#8221;https:\/\/abeco.se\/wp-content\/uploads\/2022\/08\/insidanmaskinhyllplan-scaled.jpg&#8221; title_text=&#8221;insidanmaskinhyllplan&#8221; _builder_version=&#8221;4.17.4&#8243; _module_preset=&#8221;default&#8221; global_colors_info=&#8221;{}&#8221;][\/et_pb_image][\/et_pb_column][et_pb_column type=&#8221;1_3&#8243; _builder_version=&#8221;4.17.4&#8243; _module_preset=&#8221;default&#8221; global_colors_info=&#8221;{}&#8221;][et_pb_image src=&#8221;https:\/\/abeco.se\/wp-content\/uploads\/2022\/08\/hyllplanmaskin-scaled.jpg&#8221; title_text=&#8221;hyllplanmaskin&#8221; _builder_version=&#8221;4.17.4&#8243; _module_preset=&#8221;default&#8221; global_colors_info=&#8221;{}&#8221;][\/et_pb_image][\/et_pb_column][et_pb_column type=&#8221;1_3&#8243; _builder_version=&#8221;4.17.4&#8243; _module_preset=&#8221;default&#8221; global_colors_info=&#8221;{}&#8221;][et_pb_image src=&#8221;https:\/\/abeco.se\/wp-content\/uploads\/2022\/08\/matahyllplan-scaled.jpg&#8221; title_text=&#8221;m\u00e4tahyllplan&#8221; _builder_version=&#8221;4.17.4&#8243; _module_preset=&#8221;default&#8221; global_colors_info=&#8221;{}&#8221;][\/et_pb_image][\/et_pb_column][\/et_pb_row][\/et_pb_section]<\/p>\n","protected":false},"excerpt":{"rendered":"<p>Special shelves Shelves\/Special boards made of melamine-coated chipboard. Available in different dimensions and designs such as edged, milled and drilled. Perfect for wardrobes, ceiling connections and the integration of various installations, etc. Feel free to contact us for more information!<\/p>","protected":false},"author":1,"featured_media":0,"parent":0,"menu_order":0,"comment_status":"closed","ping_status":"closed","template":"","meta":{"_et_pb_use_builder":"on","_et_pb_old_content":"","_et_gb_content_width":"","footnotes":""},"class_list":["post-25683","page","type-page","status-publish","hentry"],"yoast_head":"<!-- This site is optimized with the Yoast SEO Premium plugin v20.8 (Yoast SEO v27.1.1) - https:\/\/yoast.com\/product\/yoast-seo-premium-wordpress\/ -->\n<title>Specialhyllplan - abeco<\/title>\n<meta name=\"robots\" content=\"index, follow, max-snippet:-1, max-image-preview:large, max-video-preview:-1\" \/>\n<link rel=\"canonical\" href=\"https:\/\/abeco.se\/en\/specialhyllplan\/\" \/>\n<meta property=\"og:locale\" content=\"en_GB\" \/>\n<meta property=\"og:type\" content=\"article\" \/>\n<meta property=\"og:title\" content=\"Specialhyllplan\" \/>\n<meta property=\"og:description\" content=\"SpecialhyllplanHyllplan\/Specialskivor av melaminbelagd sp\u00e5nskiva. Finns i olika dimensioner och utf\u00f6rande s\u00e5som kantlistade, utfr\u00e4sta och borrade. Passar utm\u00e4rkt till garderober, takanslutningar och inbyggnation av diverse installationer etc. Kontakta oss g\u00e4rna f\u00f6r mer information!\" \/>\n<meta property=\"og:url\" content=\"https:\/\/abeco.se\/en\/specialhyllplan\/\" \/>\n<meta property=\"og:site_name\" content=\"abeco\" \/>\n<meta property=\"article:modified_time\" content=\"2025-03-13T07:02:31+00:00\" \/>\n<meta name=\"twitter:card\" content=\"summary_large_image\" \/>\n<meta name=\"twitter:label1\" content=\"Estimated reading time\" \/>\n\t<meta name=\"twitter:data1\" content=\"2 minutes\" \/>\n<script type=\"application\/ld+json\" class=\"yoast-schema-graph\">{\"@context\":\"https:\/\/schema.org\",\"@graph\":[{\"@type\":\"WebPage\",\"@id\":\"https:\/\/abeco.se\/specialhyllplan\/\",\"url\":\"https:\/\/abeco.se\/specialhyllplan\/\",\"name\":\"Specialhyllplan - abeco\",\"isPartOf\":{\"@id\":\"https:\/\/abeco.se\/#website\"},\"datePublished\":\"2021-11-09T08:41:35+00:00\",\"dateModified\":\"2025-03-13T07:02:31+00:00\",\"breadcrumb\":{\"@id\":\"https:\/\/abeco.se\/specialhyllplan\/#breadcrumb\"},\"inLanguage\":\"en-GB\",\"potentialAction\":[{\"@type\":\"ReadAction\",\"target\":[\"https:\/\/abeco.se\/specialhyllplan\/\"]}]},{\"@type\":\"BreadcrumbList\",\"@id\":\"https:\/\/abeco.se\/specialhyllplan\/#breadcrumb\",\"itemListElement\":[{\"@type\":\"ListItem\",\"position\":1,\"name\":\"Home\",\"item\":\"https:\/\/abeco.se\/\"},{\"@type\":\"ListItem\",\"position\":2,\"name\":\"Specialhyllplan\"}]},{\"@type\":\"WebSite\",\"@id\":\"https:\/\/abeco.se\/#website\",\"url\":\"https:\/\/abeco.se\/\",\"name\":\"abeco\",\"description\":\"\",\"potentialAction\":[{\"@type\":\"SearchAction\",\"target\":{\"@type\":\"EntryPoint\",\"urlTemplate\":\"https:\/\/abeco.se\/?s={search_term_string}\"},\"query-input\":{\"@type\":\"PropertyValueSpecification\",\"valueRequired\":true,\"valueName\":\"search_term_string\"}}],\"inLanguage\":\"en-GB\"}]}<\/script>\n<!-- \/ Yoast SEO Premium plugin. -->","yoast_head_json":{"title":"Specialhyllplan - abeco","robots":{"index":"index","follow":"follow","max-snippet":"max-snippet:-1","max-image-preview":"max-image-preview:large","max-video-preview":"max-video-preview:-1"},"canonical":"https:\/\/abeco.se\/en\/specialhyllplan\/","og_locale":"en_GB","og_type":"article","og_title":"Specialhyllplan","og_description":"SpecialhyllplanHyllplan\/Specialskivor av melaminbelagd sp\u00e5nskiva. Finns i olika dimensioner och utf\u00f6rande s\u00e5som kantlistade, utfr\u00e4sta och borrade. Passar utm\u00e4rkt till garderober, takanslutningar och inbyggnation av diverse installationer etc. Kontakta oss g\u00e4rna f\u00f6r mer information!","og_url":"https:\/\/abeco.se\/en\/specialhyllplan\/","og_site_name":"abeco","article_modified_time":"2025-03-13T07:02:31+00:00","twitter_card":"summary_large_image","twitter_misc":{"Estimated reading time":"2 minutes"},"schema":{"@context":"https:\/\/schema.org","@graph":[{"@type":"WebPage","@id":"https:\/\/abeco.se\/specialhyllplan\/","url":"https:\/\/abeco.se\/specialhyllplan\/","name":"Specialhyllplan - abeco","isPartOf":{"@id":"https:\/\/abeco.se\/#website"},"datePublished":"2021-11-09T08:41:35+00:00","dateModified":"2025-03-13T07:02:31+00:00","breadcrumb":{"@id":"https:\/\/abeco.se\/specialhyllplan\/#breadcrumb"},"inLanguage":"en-GB","potentialAction":[{"@type":"ReadAction","target":["https:\/\/abeco.se\/specialhyllplan\/"]}]},{"@type":"BreadcrumbList","@id":"https:\/\/abeco.se\/specialhyllplan\/#breadcrumb","itemListElement":[{"@type":"ListItem","position":1,"name":"Home","item":"https:\/\/abeco.se\/"},{"@type":"ListItem","position":2,"name":"Specialhyllplan"}]},{"@type":"WebSite","@id":"https:\/\/abeco.se\/#website","url":"https:\/\/abeco.se\/","name":"abeco","description":"","potentialAction":[{"@type":"SearchAction","target":{"@type":"EntryPoint","urlTemplate":"https:\/\/abeco.se\/?s={search_term_string}"},"query-input":{"@type":"PropertyValueSpecification","valueRequired":true,"valueName":"search_term_string"}}],"inLanguage":"en-GB"}]}},"_links":{"self":[{"href":"https:\/\/abeco.se\/en\/wp-json\/wp\/v2\/pages\/25683","targetHints":{"allow":["GET"]}}],"collection":[{"href":"https:\/\/abeco.se\/en\/wp-json\/wp\/v2\/pages"}],"about":[{"href":"https:\/\/abeco.se\/en\/wp-json\/wp\/v2\/types\/page"}],"author":[{"embeddable":true,"href":"https:\/\/abeco.se\/en\/wp-json\/wp\/v2\/users\/1"}],"replies":[{"embeddable":true,"href":"https:\/\/abeco.se\/en\/wp-json\/wp\/v2\/comments?post=25683"}],"version-history":[{"count":0,"href":"https:\/\/abeco.se\/en\/wp-json\/wp\/v2\/pages\/25683\/revisions"}],"wp:attachment":[{"href":"https:\/\/abeco.se\/en\/wp-json\/wp\/v2\/media?parent=25683"}],"curies":[{"name":"wp","href":"https:\/\/api.w.org\/{rel}","templated":true}]}}