{"id":25582,"date":"2021-11-08T13:06:00","date_gmt":"2021-11-08T12:06:00","guid":{"rendered":"https:\/\/abeco.se\/?page_id=25582"},"modified":"2025-09-08T11:42:32","modified_gmt":"2025-09-08T09:42:32","slug":"om-oss","status":"publish","type":"page","link":"https:\/\/abeco.se\/en\/om-oss\/","title":{"rendered":"About us"},"content":{"rendered":"<p>[et_pb_section fb_built=&#8221;1&#8243; custom_padding_last_edited=&#8221;on|phone&#8221; _builder_version=&#8221;4.16&#8243; _module_preset=&#8221;default&#8221; background_image=&#8221;https:\/\/abeco.se\/wp-content\/uploads\/2021\/11\/skog.jpg&#8221; custom_padding_tablet=&#8221;&#8221; custom_padding_phone=&#8221;0px||0px||false|false&#8221; global_colors_info=&#8221;{}&#8221;][et_pb_row _builder_version=&#8221;4.16&#8243; _module_preset=&#8221;default&#8221; custom_margin=&#8221;||||false|false&#8221; global_colors_info=&#8221;{}&#8221;][et_pb_column type=&#8221;4_4&#8243; _builder_version=&#8221;4.16&#8243; _module_preset=&#8221;default&#8221; global_colors_info=&#8221;{}&#8221;][et_pb_text _builder_version=&#8221;4.27.4&#8243; _module_preset=&#8221;default&#8221; header_text_color=&#8221;#FFFFFF&#8221; header_font_size=&#8221;40px&#8221; global_colors_info=&#8221;{}&#8221;]<\/p>\n<h1 class=\"page-title\">Om oss<\/h1>\n<p>[\/et_pb_text][\/et_pb_column][\/et_pb_row][\/et_pb_section][et_pb_section fb_built=&#8221;1&#8243; _builder_version=&#8221;4.16&#8243; _module_preset=&#8221;default&#8221; global_colors_info=&#8221;{}&#8221;][et_pb_row _builder_version=&#8221;4.16&#8243; _module_preset=&#8221;default&#8221; global_colors_info=&#8221;{}&#8221;][et_pb_column type=&#8221;4_4&#8243; _builder_version=&#8221;4.16&#8243; _module_preset=&#8221;default&#8221; global_colors_info=&#8221;{}&#8221;][et_pb_text _builder_version=&#8221;4.16&#8243; _module_preset=&#8221;default&#8221; global_colors_info=&#8221;{}&#8221;]<\/p>\n<p>abeco<span>\u00a0producerar tr\u00e4baserade listverk av plattmaterial och massivtr\u00e4 oftast belagt med folie, faner eller laminat, till fr\u00e4mst Nordisk m\u00f6bel- och byggvaruindustri.<\/span><\/p>\n<p>[\/et_pb_text][\/et_pb_column][\/et_pb_row][et_pb_row column_structure=&#8221;1_2,1_2&#8243; module_id=&#8221;var-historia&#8221; _builder_version=&#8221;4.16&#8243; _module_preset=&#8221;default&#8221; global_colors_info=&#8221;{}&#8221;][et_pb_column type=&#8221;1_2&#8243; _builder_version=&#8221;4.16&#8243; _module_preset=&#8221;default&#8221; global_colors_info=&#8221;{}&#8221;][et_pb_text _builder_version=&#8221;4.27.4&#8243; _module_preset=&#8221;default&#8221; global_colors_info=&#8221;{}&#8221;]<\/p>\n<h2 class=\"section-title\">V\u00e5r historia<\/h2>\n<p>abeco b\u00f6rjade med ommantling i b\u00f6rjan av 1970-talet. 1983 k\u00f6pte Bo Ljungkvist f\u00f6retaget som d\u00e5 bytte namn till abeco-system BL ab. Han hade innan dess varit den st\u00f6rsta kunden till abeco. 1985 flyttades verksamheten till Hishult i s\u00f6dra Halland. abeco har idag 15 anst\u00e4llda och drivs av familjen Ljungkvist.[\/et_pb_text][\/et_pb_column][et_pb_column type=&#8221;1_2&#8243; _builder_version=&#8221;4.16&#8243; _module_preset=&#8221;default&#8221; global_colors_info=&#8221;{}&#8221;][et_pb_image src=&#8221;https:\/\/abeco.se\/wp-content\/uploads\/2021\/11\/hishult.png&#8221; title_text=&#8221;hishult&#8221; _builder_version=&#8221;4.16&#8243; _module_preset=&#8221;default&#8221; global_colors_info=&#8221;{}&#8221;][\/et_pb_image][\/et_pb_column][\/et_pb_row][et_pb_row module_id=&#8221;certifikat&#8221; _builder_version=&#8221;4.16&#8243; _module_preset=&#8221;default&#8221; global_colors_info=&#8221;{}&#8221;][et_pb_column type=&#8221;4_4&#8243; _builder_version=&#8221;4.16&#8243; _module_preset=&#8221;default&#8221; global_colors_info=&#8221;{}&#8221;][et_pb_text _builder_version=&#8221;4.27.4&#8243; _module_preset=&#8221;default&#8221; link_text_color=&#8221;#0645ad&#8221; hover_enabled=&#8221;0&#8243; global_colors_info=&#8221;{}&#8221; sticky_enabled=&#8221;0&#8243;]<\/p>\n<h2 class=\"section-title\">Certifikat<\/h2>\n<p>&nbsp;<\/p>\n<p><a href=\"https:\/\/abeco.se\/wp-content\/uploads\/2025\/08\/FSC-certifikat-Abeco-System-BL-AB-BV-COC-CW-123012-2024.pdf\" target=\"_blank\" rel=\"noopener\"><span style=\"text-decoration: underline;\">FSC<\/span><sup>\u00ae<\/sup><\/a><\/p>\n<p><a href=\"https:\/\/abeco.se\/wp-content\/uploads\/2025\/08\/abeco-system-BL-ab-PEFC-2024.pdf\" target=\"_blank\" rel=\"noopener noreferrer\"><span style=\"text-decoration: underline;\">PEFC<\/span><\/a>[\/et_pb_text][\/et_pb_column][\/et_pb_row][\/et_pb_section][et_pb_section fb_built=&#8221;1&#8243; _builder_version=&#8221;4.16&#8243; _module_preset=&#8221;default&#8221; background_color=&#8221;#fcfcfc&#8221; border_width_top=&#8221;1px&#8221; border_color_top=&#8221;rgba(51,51,51,0.1)&#8221; global_colors_info=&#8221;{}&#8221;][et_pb_row column_structure=&#8221;3_5,2_5&#8243; module_id=&#8221;tillverkning&#8221; _builder_version=&#8221;4.16&#8243; _module_preset=&#8221;default&#8221; background_color_gradient_direction=&#8221;270deg&#8221; background_enable_image=&#8221;off&#8221; background_blend=&#8221;color&#8221; custom_margin=&#8221;||||false|false&#8221; custom_padding=&#8221;||||false|false&#8221; global_colors_info=&#8221;{}&#8221;][et_pb_column type=&#8221;3_5&#8243; _builder_version=&#8221;4.16&#8243; _module_preset=&#8221;default&#8221; global_colors_info=&#8221;{}&#8221;][et_pb_text _builder_version=&#8221;4.27.4&#8243; _module_preset=&#8221;default&#8221; background_enable_color=&#8221;off&#8221; custom_padding=&#8221;0%|0%|0%|0%|false|true&#8221; global_colors_info=&#8221;{}&#8221;]<\/p>\n<h2 class=\"section-title\">Tillverkning<\/h2>\n<p>abeco har sex produktionslinjer f\u00f6r ommantlade profiler med tillh\u00f6rande hyvlar, putslinjer, borr- och centrumtappsmaskiner, \u00e4ndkantningsmaskiner, femaxlig CNC-fr\u00e4s, kantlistningslinje\u00a0m.m. Vi ommantlar med alla typer av folier och fan\u00e9r p\u00e5 k\u00e4rna av sp\u00e5nskiva, MDF, plywood eller massivtr\u00e4. Vi hyvlar ocks\u00e5 profiler i MDF och tr\u00e4. Profilerna och komponenterna kan levereras tillkapade, fr\u00e4sta, \u00e4ndkantade och borrade med eller utan centrumtappar.[\/et_pb_text][\/et_pb_column][et_pb_column type=&#8221;2_5&#8243; _builder_version=&#8221;4.16&#8243; _module_preset=&#8221;default&#8221; global_colors_info=&#8221;{}&#8221;][et_pb_image src=&#8221;https:\/\/abeco.se\/wp-content\/uploads\/2022\/01\/DSC04893-scaled.jpg&#8221; title_text=&#8221;DSC04893&#8243; _builder_version=&#8221;4.16&#8243; _module_preset=&#8221;default&#8221; global_colors_info=&#8221;{}&#8221;][\/et_pb_image][\/et_pb_column][\/et_pb_row][\/et_pb_section][et_pb_section fb_built=&#8221;1&#8243; _builder_version=&#8221;4.16&#8243; _module_preset=&#8221;default&#8221; background_enable_color=&#8221;off&#8221; border_width_top=&#8221;1px&#8221; border_color_top=&#8221;rgba(51,51,51,0.1)&#8221; global_colors_info=&#8221;{}&#8221;][et_pb_row column_structure=&#8221;2_5,3_5&#8243; module_id=&#8221;miljo-och-kvalitetspolicy&#8221; _builder_version=&#8221;4.17.4&#8243; _module_preset=&#8221;default&#8221; background_color_gradient_direction=&#8221;270deg&#8221; background_enable_image=&#8221;off&#8221; background_blend=&#8221;color&#8221; custom_margin=&#8221;||||false|false&#8221; custom_padding=&#8221;||||false|false&#8221; global_colors_info=&#8221;{}&#8221;][et_pb_column type=&#8221;2_5&#8243; _builder_version=&#8221;4.16&#8243; _module_preset=&#8221;default&#8221; global_colors_info=&#8221;{}&#8221;][et_pb_image src=&#8221;https:\/\/abeco.se\/wp-content\/uploads\/2022\/01\/DSC04999-scaled.jpg&#8221; title_text=&#8221;DSC04999&#8243; _builder_version=&#8221;4.16&#8243; _module_preset=&#8221;default&#8221; global_colors_info=&#8221;{}&#8221;][\/et_pb_image][\/et_pb_column][et_pb_column type=&#8221;3_5&#8243; _builder_version=&#8221;4.16&#8243; _module_preset=&#8221;default&#8221; global_colors_info=&#8221;{}&#8221;][et_pb_text _builder_version=&#8221;4.27.4&#8243; _module_preset=&#8221;default&#8221; global_colors_info=&#8221;{}&#8221;]<\/p>\n<h2 class=\"section-title\">Milj\u00f6- och kvalitetspolicy<\/h2>\n<p>abeco<b>\u00a0<\/b>producerar tr\u00e4baserade listverk av plattmaterial och massivtr\u00e4 oftast belagt med folie, faner eller laminat, till fr\u00e4mst Nordisk m\u00f6bel- och byggvaruindustri. V\u00e5r verksamhet skall pr\u00e4glas av milj\u00f6medvetenhet.<\/p>\n<p>Att f\u00f6lja lagar och andra krav inom milj\u00f6omr\u00e5det \u00e4r en sj\u00e4lvklarhet p\u00e5<span>\u00a0abeco<\/span>. Vi skall genom st\u00e4ndiga f\u00f6rb\u00e4ttringar f\u00f6rebygga och minimera negativ milj\u00f6p\u00e5verkan fr\u00e5n varor, f\u00f6rpackningar samt fr\u00e5n verksamheten i \u00f6vrigt. V\u00e5rt agerande skall pr\u00e4glas av kretsloppst\u00e4nkande s\u00e5 att vi tillsammans med v\u00e5ra kunder och leverant\u00f6rer minimerar p\u00e5verkan p\u00e5 milj\u00f6n.<\/p>\n<p>abeco<span>\u00a0<\/span>skall alltid uppfylla ing\u00e5ngna avtal och leverera produkter med r\u00e4tt kvalitet. R\u00e4tt kvalitet inneb\u00e4r:<\/p>\n<ol>\n<li>Att alla jobb \u00e4r specificerade med avseende p\u00e5 vilka krav som skall uppfyllas<\/li>\n<li>Att tillverkningen utf\u00f6rs p\u00e5 ett s\u00e5dant s\u00e4tt att kraven kan inneh\u00e5llas<\/li>\n<li>Att leverera p\u00e5 utlovad leveranstidpunkt<\/li>\n<\/ol>\n<p>abeco<strong><span>\u00a0<\/span><\/strong>tar avst\u00e5nd fr\u00e5n:<\/p>\n<ol>\n<li>Olaglig skogsavverkning och handel med olagligt avverkat virke eller skogsprodukter<\/li>\n<li>Skogsbruk som kr\u00e4nker traditionella och m\u00e4nskliga r\u00e4ttigheter<\/li>\n<li>Skogsbruk som f\u00f6rst\u00f6r h\u00f6ga naturv\u00e4rden<\/li>\n<li>Betydande omvandling av skog till plantager eller annan, icke skoglig markanv\u00e4ndning<\/li>\n<li>Anv\u00e4ndning av genetiskt modifierade organismer i skogsbruket<\/li>\n<li>Verksamhet som bryter mot n\u00e5gon av ILO:s k\u00e4rnkonventioner, enligt ILO:s deklaration om grundl\u00e4ggande principer och r\u00e4ttigheter i arbetslivet<\/li>\n<\/ol>\n<ol><\/ol>\n<p>[\/et_pb_text][\/et_pb_column][\/et_pb_row][\/et_pb_section][et_pb_section fb_built=&#8221;1&#8243; _builder_version=&#8221;4.16&#8243; _module_preset=&#8221;default&#8221; background_color=&#8221;#fcfcfc&#8221; border_width_top=&#8221;1px&#8221; border_color_top=&#8221;rgba(51,51,51,0.1)&#8221; global_colors_info=&#8221;{}&#8221;][et_pb_row module_id=&#8221;arbetsmiljo-och-brandskyddspolicy&#8221; _builder_version=&#8221;4.16&#8243; _module_preset=&#8221;default&#8221; custom_padding=&#8221;||||true|false&#8221; global_colors_info=&#8221;{}&#8221;][et_pb_column type=&#8221;4_4&#8243; _builder_version=&#8221;4.16&#8243; _module_preset=&#8221;default&#8221; global_colors_info=&#8221;{}&#8221;][et_pb_text _builder_version=&#8221;4.27.4&#8243; _module_preset=&#8221;default&#8221; global_colors_info=&#8221;{}&#8221;]<\/p>\n<h2 class=\"section-title\">Arbetsmilj\u00f6- och brandskyddspolicy<\/h2>\n<p>abeco<span>\u00a0<\/span>producerar tr\u00e4baserade listverk av plattmaterial och massivtr\u00e4 oftast belagt med folie, faner eller laminat, till fr\u00e4mst Nordisk m\u00f6bel- och byggvaruindustri. Denna verksamhet inneb\u00e4r inte n\u00e5gra st\u00f6rre arbetsmilj\u00f6- eller brandrisker\u00a0och<span>\u00a0a<\/span>beco<span>\u00a0<\/span>klarar de krav p\u00e5 verksamheten som uppst\u00e4lls i lagar och myndigheters krav.<\/p>\n<p>Personalen \u00e4r<span>\u00a0a<\/span>becos<span>\u00a0<\/span>fr\u00e4msta resurs och f\u00f6r att bibeh\u00e5lla en effektiv organisation s\u00e5 str\u00e4var<span>\u00a0a<\/span>beco<span>\u00a0<\/span>efter:<\/p>\n<ol>\n<li>Att personalen skall ha en medvetenhet f\u00f6r arbetsmilj\u00f6fr\u00e5gor<\/li>\n<li>Att arbetsmilj\u00f6n \u00e4r trivsam och s\u00e5 god att v\u00e5ra anst\u00e4llda ej uts\u00e4tts f\u00f6r oh\u00e4lsa eller olycksfall<\/li>\n<li>Att inga former av negativ s\u00e4rbehandling och mobbing f\u00f6rekommer<\/li>\n<li>Att kontinuerligt kartl\u00e4gga och \u00e5tg\u00e4rda arbetsmilj\u00f6risker<\/li>\n<li>Att skydda personalens v\u00e4l och h\u00e4lsa, samt f\u00f6retagets egendom s\u00e5v\u00e4l inomhus som utomhus mot skada av brand genom engagemang och medvetenhet<\/li>\n<\/ol>\n<p>[\/et_pb_text][\/et_pb_column][\/et_pb_row][\/et_pb_section]<\/p>\n","protected":false},"excerpt":{"rendered":"<p>Om ossabeco\u00a0producerar tr\u00e4baserade listverk av plattmaterial och massivtr\u00e4 oftast belagt med folie, faner eller laminat, till fr\u00e4mst Nordisk m\u00f6bel- och byggvaruindustri.V\u00e5r historia abeco b\u00f6rjade med ommantling i b\u00f6rjan av 1970-talet. 1983 k\u00f6pte Bo Ljungkvist f\u00f6retaget som d\u00e5 bytte namn till abeco-system BL ab. Han hade innan dess varit den st\u00f6rsta kunden till abeco. 1985 flyttades [&hellip;]<\/p>\n","protected":false},"author":1,"featured_media":0,"parent":0,"menu_order":0,"comment_status":"closed","ping_status":"closed","template":"","meta":{"_et_pb_use_builder":"on","_et_pb_old_content":"","_et_gb_content_width":"","footnotes":""},"class_list":["post-25582","page","type-page","status-publish","hentry"],"yoast_head":"<!-- This site is optimized with the Yoast SEO Premium plugin v20.8 (Yoast SEO v27.4) - https:\/\/yoast.com\/product\/yoast-seo-premium-wordpress\/ -->\n<title>Om oss - abeco<\/title>\n<meta name=\"robots\" content=\"index, follow, max-snippet:-1, max-image-preview:large, max-video-preview:-1\" \/>\n<link rel=\"canonical\" href=\"https:\/\/abeco.se\/en\/om-oss\/\" \/>\n<meta property=\"og:locale\" content=\"en_GB\" \/>\n<meta property=\"og:type\" content=\"article\" \/>\n<meta property=\"og:title\" content=\"Om oss\" \/>\n<meta property=\"og:description\" content=\"Om ossabeco\u00a0producerar tr\u00e4baserade listverk av plattmaterial och massivtr\u00e4 oftast belagt med folie, faner eller laminat, till fr\u00e4mst Nordisk m\u00f6bel- och byggvaruindustri.V\u00e5r historia abeco b\u00f6rjade med ommantling i b\u00f6rjan av 1970-talet. 1983 k\u00f6pte Bo Ljungkvist f\u00f6retaget som d\u00e5 bytte namn till abeco-system BL ab. Han hade innan dess varit den st\u00f6rsta kunden till abeco. 1985 flyttades [&hellip;]\" \/>\n<meta property=\"og:url\" content=\"https:\/\/abeco.se\/en\/om-oss\/\" \/>\n<meta property=\"og:site_name\" content=\"abeco\" \/>\n<meta property=\"article:modified_time\" content=\"2025-09-08T09:42:32+00:00\" \/>\n<meta name=\"twitter:card\" content=\"summary_large_image\" \/>\n<meta name=\"twitter:label1\" content=\"Estimated reading time\" \/>\n\t<meta name=\"twitter:data1\" content=\"6 minutes\" \/>\n<script type=\"application\/ld+json\" class=\"yoast-schema-graph\">{\"@context\":\"https:\\\/\\\/schema.org\",\"@graph\":[{\"@type\":\"WebPage\",\"@id\":\"https:\\\/\\\/abeco.se\\\/om-oss\\\/\",\"url\":\"https:\\\/\\\/abeco.se\\\/om-oss\\\/\",\"name\":\"Om oss - abeco\",\"isPartOf\":{\"@id\":\"https:\\\/\\\/abeco.se\\\/#website\"},\"datePublished\":\"2021-11-08T12:06:00+00:00\",\"dateModified\":\"2025-09-08T09:42:32+00:00\",\"breadcrumb\":{\"@id\":\"https:\\\/\\\/abeco.se\\\/om-oss\\\/#breadcrumb\"},\"inLanguage\":\"en-GB\",\"potentialAction\":[{\"@type\":\"ReadAction\",\"target\":[\"https:\\\/\\\/abeco.se\\\/om-oss\\\/\"]}]},{\"@type\":\"BreadcrumbList\",\"@id\":\"https:\\\/\\\/abeco.se\\\/om-oss\\\/#breadcrumb\",\"itemListElement\":[{\"@type\":\"ListItem\",\"position\":1,\"name\":\"Home\",\"item\":\"https:\\\/\\\/abeco.se\\\/\"},{\"@type\":\"ListItem\",\"position\":2,\"name\":\"Om oss\"}]},{\"@type\":\"WebSite\",\"@id\":\"https:\\\/\\\/abeco.se\\\/#website\",\"url\":\"https:\\\/\\\/abeco.se\\\/\",\"name\":\"abeco\",\"description\":\"\",\"potentialAction\":[{\"@type\":\"SearchAction\",\"target\":{\"@type\":\"EntryPoint\",\"urlTemplate\":\"https:\\\/\\\/abeco.se\\\/?s={search_term_string}\"},\"query-input\":{\"@type\":\"PropertyValueSpecification\",\"valueRequired\":true,\"valueName\":\"search_term_string\"}}],\"inLanguage\":\"en-GB\"}]}<\/script>\n<!-- \/ Yoast SEO Premium plugin. -->","yoast_head_json":{"title":"Om oss - abeco","robots":{"index":"index","follow":"follow","max-snippet":"max-snippet:-1","max-image-preview":"max-image-preview:large","max-video-preview":"max-video-preview:-1"},"canonical":"https:\/\/abeco.se\/en\/om-oss\/","og_locale":"en_GB","og_type":"article","og_title":"Om oss","og_description":"Om ossabeco\u00a0producerar tr\u00e4baserade listverk av plattmaterial och massivtr\u00e4 oftast belagt med folie, faner eller laminat, till fr\u00e4mst Nordisk m\u00f6bel- och byggvaruindustri.V\u00e5r historia abeco b\u00f6rjade med ommantling i b\u00f6rjan av 1970-talet. 1983 k\u00f6pte Bo Ljungkvist f\u00f6retaget som d\u00e5 bytte namn till abeco-system BL ab. Han hade innan dess varit den st\u00f6rsta kunden till abeco. 1985 flyttades [&hellip;]","og_url":"https:\/\/abeco.se\/en\/om-oss\/","og_site_name":"abeco","article_modified_time":"2025-09-08T09:42:32+00:00","twitter_card":"summary_large_image","twitter_misc":{"Estimated reading time":"6 minutes"},"schema":{"@context":"https:\/\/schema.org","@graph":[{"@type":"WebPage","@id":"https:\/\/abeco.se\/om-oss\/","url":"https:\/\/abeco.se\/om-oss\/","name":"Om oss - abeco","isPartOf":{"@id":"https:\/\/abeco.se\/#website"},"datePublished":"2021-11-08T12:06:00+00:00","dateModified":"2025-09-08T09:42:32+00:00","breadcrumb":{"@id":"https:\/\/abeco.se\/om-oss\/#breadcrumb"},"inLanguage":"en-GB","potentialAction":[{"@type":"ReadAction","target":["https:\/\/abeco.se\/om-oss\/"]}]},{"@type":"BreadcrumbList","@id":"https:\/\/abeco.se\/om-oss\/#breadcrumb","itemListElement":[{"@type":"ListItem","position":1,"name":"Home","item":"https:\/\/abeco.se\/"},{"@type":"ListItem","position":2,"name":"Om oss"}]},{"@type":"WebSite","@id":"https:\/\/abeco.se\/#website","url":"https:\/\/abeco.se\/","name":"abeco","description":"","potentialAction":[{"@type":"SearchAction","target":{"@type":"EntryPoint","urlTemplate":"https:\/\/abeco.se\/?s={search_term_string}"},"query-input":{"@type":"PropertyValueSpecification","valueRequired":true,"valueName":"search_term_string"}}],"inLanguage":"en-GB"}]}},"_links":{"self":[{"href":"https:\/\/abeco.se\/en\/wp-json\/wp\/v2\/pages\/25582","targetHints":{"allow":["GET"]}}],"collection":[{"href":"https:\/\/abeco.se\/en\/wp-json\/wp\/v2\/pages"}],"about":[{"href":"https:\/\/abeco.se\/en\/wp-json\/wp\/v2\/types\/page"}],"author":[{"embeddable":true,"href":"https:\/\/abeco.se\/en\/wp-json\/wp\/v2\/users\/1"}],"replies":[{"embeddable":true,"href":"https:\/\/abeco.se\/en\/wp-json\/wp\/v2\/comments?post=25582"}],"version-history":[{"count":0,"href":"https:\/\/abeco.se\/en\/wp-json\/wp\/v2\/pages\/25582\/revisions"}],"wp:attachment":[{"href":"https:\/\/abeco.se\/en\/wp-json\/wp\/v2\/media?parent=25582"}],"curies":[{"name":"wp","href":"https:\/\/api.w.org\/{rel}","templated":true}]}}