{"id":237158,"date":"2026-02-05T15:31:07","date_gmt":"2026-02-05T14:31:07","guid":{"rendered":"https:\/\/abeco.se\/?page_id=237158"},"modified":"2026-02-10T14:38:33","modified_gmt":"2026-02-10T13:38:33","slug":"jobba-hos-oss","status":"publish","type":"page","link":"https:\/\/abeco.se\/en\/jobba-hos-oss\/","title":{"rendered":"Jobba hos oss"},"content":{"rendered":"<p>[et_pb_section fb_built=&#8221;1&#8243; custom_padding_last_edited=&#8221;on|phone&#8221; _builder_version=&#8221;4.27.5&#8243; _module_preset=&#8221;default&#8221; custom_padding=&#8221;100px|50px|100px|50px|true|true&#8221; custom_padding_tablet=&#8221;80px|30px|80px|30px|true|true&#8221; custom_padding_phone=&#8221;50px|20px|50px|20px|true|true&#8221; global_colors_info=&#8221;{}&#8221;][et_pb_row column_structure=&#8221;1_2,1_2&#8243; module_class=&#8221;split-section split-content-align-center pr-0 reverse&#8221; _builder_version=&#8221;4.27.5&#8243; _module_preset=&#8221;default&#8221; width=&#8221;100%&#8221; max_width=&#8221;1100px&#8221; custom_padding=&#8221;0px||0px||true|false&#8221; global_colors_info=&#8221;{}&#8221;][et_pb_column type=&#8221;1_2&#8243; _builder_version=&#8221;4.27.5&#8243; _module_preset=&#8221;default&#8221; global_colors_info=&#8221;{}&#8221;][et_pb_image src=&#8221;https:\/\/abeco.se\/wp-content\/uploads\/2026\/02\/abeco-traindustri-1000px.jpg&#8221; title_text=&#8221;abeco-traindustri-1000px&#8221; _builder_version=&#8221;4.27.5&#8243; _module_preset=&#8221;default&#8221; global_colors_info=&#8221;{}&#8221;][\/et_pb_image][\/et_pb_column][et_pb_column type=&#8221;1_2&#8243; _builder_version=&#8221;4.27.5&#8243; _module_preset=&#8221;default&#8221; global_colors_info=&#8221;{}&#8221;][et_pb_text module_class=&#8221;btn btn-wrapper btn-primary-filled&#8221; _builder_version=&#8221;4.27.5&#8243; _module_preset=&#8221;default&#8221; global_colors_info=&#8221;{}&#8221;]<\/p>\n<h1>Jobba hos abeco<\/h1>\n<p>Vi \u00e4r alltid intresserad av dig som \u00e4r intresserad av att jobba hos oss! Har du erfarenhet fr\u00e5n tr\u00e4branschen och tummen p\u00e5 r\u00e4tt st\u00e4lle s\u00e5 \u00e4r det ett plus. Skicka din intresseanm\u00e4lan nedan:<\/p>\n<p><a href=\"mailto:lars@abeco.se\">Skicka Intresseanm\u00e4lan<\/a><\/p>\n<p>[\/et_pb_text][\/et_pb_column][\/et_pb_row][\/et_pb_section]<\/p>\n","protected":false},"excerpt":{"rendered":"<p>Jobba hos abeco Vi \u00e4r alltid intresserad av dig som \u00e4r intresserad av att jobba hos oss! Har du erfarenhet fr\u00e5n tr\u00e4branschen och tummen p\u00e5 r\u00e4tt st\u00e4lle s\u00e5 \u00e4r det ett plus. Skicka din intresseanm\u00e4lan nedan: Skicka Intresseanm\u00e4lan<\/p>","protected":false},"author":5,"featured_media":0,"parent":0,"menu_order":0,"comment_status":"closed","ping_status":"closed","template":"","meta":{"_et_pb_use_builder":"on","_et_pb_old_content":"","_et_gb_content_width":"","footnotes":""},"class_list":["post-237158","page","type-page","status-publish","hentry"],"yoast_head":"<!-- This site is optimized with the Yoast SEO Premium plugin v20.8 (Yoast SEO v27.4) - https:\/\/yoast.com\/product\/yoast-seo-premium-wordpress\/ -->\n<title>Jobba hos oss - abeco<\/title>\n<meta name=\"robots\" content=\"index, follow, max-snippet:-1, max-image-preview:large, max-video-preview:-1\" \/>\n<link rel=\"canonical\" href=\"https:\/\/abeco.se\/en\/jobba-hos-oss\/\" \/>\n<meta property=\"og:locale\" content=\"en_GB\" \/>\n<meta property=\"og:type\" content=\"article\" \/>\n<meta property=\"og:title\" content=\"Jobba hos oss\" \/>\n<meta property=\"og:description\" content=\"Jobba hos abeco Vi \u00e4r alltid intresserad av dig som \u00e4r intresserad av att jobba hos oss! Har du erfarenhet fr\u00e5n tr\u00e4branschen och tummen p\u00e5 r\u00e4tt st\u00e4lle s\u00e5 \u00e4r det ett plus. Skicka din intresseanm\u00e4lan nedan: Skicka Intresseanm\u00e4lan\" \/>\n<meta property=\"og:url\" content=\"https:\/\/abeco.se\/en\/jobba-hos-oss\/\" \/>\n<meta property=\"og:site_name\" content=\"abeco\" \/>\n<meta property=\"article:modified_time\" content=\"2026-02-10T13:38:33+00:00\" \/>\n<meta name=\"twitter:card\" content=\"summary_large_image\" \/>\n<script type=\"application\/ld+json\" class=\"yoast-schema-graph\">{\"@context\":\"https:\\\/\\\/schema.org\",\"@graph\":[{\"@type\":\"WebPage\",\"@id\":\"https:\\\/\\\/abeco.se\\\/jobba-hos-oss\\\/\",\"url\":\"https:\\\/\\\/abeco.se\\\/jobba-hos-oss\\\/\",\"name\":\"Jobba hos oss - abeco\",\"isPartOf\":{\"@id\":\"https:\\\/\\\/abeco.se\\\/#website\"},\"datePublished\":\"2026-02-05T14:31:07+00:00\",\"dateModified\":\"2026-02-10T13:38:33+00:00\",\"breadcrumb\":{\"@id\":\"https:\\\/\\\/abeco.se\\\/jobba-hos-oss\\\/#breadcrumb\"},\"inLanguage\":\"en-GB\",\"potentialAction\":[{\"@type\":\"ReadAction\",\"target\":[\"https:\\\/\\\/abeco.se\\\/jobba-hos-oss\\\/\"]}]},{\"@type\":\"BreadcrumbList\",\"@id\":\"https:\\\/\\\/abeco.se\\\/jobba-hos-oss\\\/#breadcrumb\",\"itemListElement\":[{\"@type\":\"ListItem\",\"position\":1,\"name\":\"Home\",\"item\":\"https:\\\/\\\/abeco.se\\\/\"},{\"@type\":\"ListItem\",\"position\":2,\"name\":\"Jobba hos oss\"}]},{\"@type\":\"WebSite\",\"@id\":\"https:\\\/\\\/abeco.se\\\/#website\",\"url\":\"https:\\\/\\\/abeco.se\\\/\",\"name\":\"abeco\",\"description\":\"\",\"potentialAction\":[{\"@type\":\"SearchAction\",\"target\":{\"@type\":\"EntryPoint\",\"urlTemplate\":\"https:\\\/\\\/abeco.se\\\/?s={search_term_string}\"},\"query-input\":{\"@type\":\"PropertyValueSpecification\",\"valueRequired\":true,\"valueName\":\"search_term_string\"}}],\"inLanguage\":\"en-GB\"}]}<\/script>\n<!-- \/ Yoast SEO Premium plugin. -->","yoast_head_json":{"title":"Jobba hos oss - abeco","robots":{"index":"index","follow":"follow","max-snippet":"max-snippet:-1","max-image-preview":"max-image-preview:large","max-video-preview":"max-video-preview:-1"},"canonical":"https:\/\/abeco.se\/en\/jobba-hos-oss\/","og_locale":"en_GB","og_type":"article","og_title":"Jobba hos oss","og_description":"Jobba hos abeco Vi \u00e4r alltid intresserad av dig som \u00e4r intresserad av att jobba hos oss! Har du erfarenhet fr\u00e5n tr\u00e4branschen och tummen p\u00e5 r\u00e4tt st\u00e4lle s\u00e5 \u00e4r det ett plus. Skicka din intresseanm\u00e4lan nedan: Skicka Intresseanm\u00e4lan","og_url":"https:\/\/abeco.se\/en\/jobba-hos-oss\/","og_site_name":"abeco","article_modified_time":"2026-02-10T13:38:33+00:00","twitter_card":"summary_large_image","schema":{"@context":"https:\/\/schema.org","@graph":[{"@type":"WebPage","@id":"https:\/\/abeco.se\/jobba-hos-oss\/","url":"https:\/\/abeco.se\/jobba-hos-oss\/","name":"Jobba hos oss - abeco","isPartOf":{"@id":"https:\/\/abeco.se\/#website"},"datePublished":"2026-02-05T14:31:07+00:00","dateModified":"2026-02-10T13:38:33+00:00","breadcrumb":{"@id":"https:\/\/abeco.se\/jobba-hos-oss\/#breadcrumb"},"inLanguage":"en-GB","potentialAction":[{"@type":"ReadAction","target":["https:\/\/abeco.se\/jobba-hos-oss\/"]}]},{"@type":"BreadcrumbList","@id":"https:\/\/abeco.se\/jobba-hos-oss\/#breadcrumb","itemListElement":[{"@type":"ListItem","position":1,"name":"Home","item":"https:\/\/abeco.se\/"},{"@type":"ListItem","position":2,"name":"Jobba hos oss"}]},{"@type":"WebSite","@id":"https:\/\/abeco.se\/#website","url":"https:\/\/abeco.se\/","name":"abeco","description":"","potentialAction":[{"@type":"SearchAction","target":{"@type":"EntryPoint","urlTemplate":"https:\/\/abeco.se\/?s={search_term_string}"},"query-input":{"@type":"PropertyValueSpecification","valueRequired":true,"valueName":"search_term_string"}}],"inLanguage":"en-GB"}]}},"_links":{"self":[{"href":"https:\/\/abeco.se\/en\/wp-json\/wp\/v2\/pages\/237158","targetHints":{"allow":["GET"]}}],"collection":[{"href":"https:\/\/abeco.se\/en\/wp-json\/wp\/v2\/pages"}],"about":[{"href":"https:\/\/abeco.se\/en\/wp-json\/wp\/v2\/types\/page"}],"author":[{"embeddable":true,"href":"https:\/\/abeco.se\/en\/wp-json\/wp\/v2\/users\/5"}],"replies":[{"embeddable":true,"href":"https:\/\/abeco.se\/en\/wp-json\/wp\/v2\/comments?post=237158"}],"version-history":[{"count":0,"href":"https:\/\/abeco.se\/en\/wp-json\/wp\/v2\/pages\/237158\/revisions"}],"wp:attachment":[{"href":"https:\/\/abeco.se\/en\/wp-json\/wp\/v2\/media?parent=237158"}],"curies":[{"name":"wp","href":"https:\/\/api.w.org\/{rel}","templated":true}]}}