{"id":237039,"date":"2025-02-12T12:33:27","date_gmt":"2025-02-12T11:33:27","guid":{"rendered":"https:\/\/abeco.se\/?page_id=237039"},"modified":"2025-08-28T13:00:53","modified_gmt":"2025-08-28T11:00:53","slug":"hallbarhet-miljo","status":"publish","type":"page","link":"https:\/\/abeco.se\/en\/hallbarhet-miljo\/","title":{"rendered":"Sustainability &amp; Environment"},"content":{"rendered":"<p>[et_pb_section fb_built=&#8221;1&#8243; custom_padding_last_edited=&#8221;on|phone&#8221; _builder_version=&#8221;4.16&#8243; _module_preset=&#8221;default&#8221; background_image=&#8221;https:\/\/abeco.se\/wp-content\/uploads\/2021\/11\/skog.jpg&#8221; custom_padding_tablet=&#8221;&#8221; custom_padding_phone=&#8221;0px||0px||false|false&#8221; locked=&#8221;off&#8221; global_colors_info=&#8221;{}&#8221;][et_pb_row _builder_version=&#8221;4.17.4&#8243; _module_preset=&#8221;default&#8221; custom_margin=&#8221;||||false|false&#8221; global_colors_info=&#8221;{}&#8221;][et_pb_column type=&#8221;4_4&#8243; _builder_version=&#8221;4.16&#8243; _module_preset=&#8221;default&#8221; global_colors_info=&#8221;{}&#8221;][et_pb_text _builder_version=&#8221;4.27.4&#8243; _module_preset=&#8221;default&#8221; header_text_color=&#8221;#FFFFFF&#8221; header_font_size=&#8221;40px&#8221; global_colors_info=&#8221;{}&#8221;]<\/p>\n<h1 class=\"page-title\">abeco \u2013 Det lilla f\u00f6retaget med det stora, gr\u00f6na hj\u00e4rtat<\/h1>\n<p>[\/et_pb_text][\/et_pb_column][\/et_pb_row][\/et_pb_section][et_pb_section fb_built=&#8221;1&#8243; custom_padding_last_edited=&#8221;on|phone&#8221; _builder_version=&#8221;4.17.4&#8243; _module_preset=&#8221;default&#8221; custom_padding=&#8221;80px|50px|80px|50px|true|true&#8221; custom_padding_tablet=&#8221;60px|30px|60px|30px|true|true&#8221; custom_padding_phone=&#8221;40px|20px|40px|20px|true|true&#8221; global_colors_info=&#8221;{}&#8221;][et_pb_row column_structure=&#8221;1_2,1_2&#8243; _builder_version=&#8221;4.17.4&#8243; _module_preset=&#8221;default&#8221; width=&#8221;100%&#8221; max_width=&#8221;1000px&#8221; global_colors_info=&#8221;{}&#8221;][et_pb_column type=&#8221;1_2&#8243; _builder_version=&#8221;4.17.4&#8243; _module_preset=&#8221;default&#8221; global_colors_info=&#8221;{}&#8221;][et_pb_text _builder_version=&#8221;4.27.4&#8243; _module_preset=&#8221;default&#8221; global_colors_info=&#8221;{}&#8221;]<\/p>\n<h2 class=\"small-title\">H\u00e5llbarhet och milj\u00f6ansvar<\/h2>\n<p>abeco str\u00e4var efter att skapa h\u00e5llbara och h\u00f6gkvalitativa produkter, samtidigt som vi aktivt arbetar med att minimera v\u00e5rt avfall, optimera energi\u00e5tg\u00e5ngen och hantera resurser ansvarsfullt.<\/p>\n<p>V\u00e5rt h\u00e5llbarhetsarbete \u00e4r integrerat i varje steg av verksamheten &#8211; fr\u00e5n produktion till distribution. Vi har en helhetssyn p\u00e5 h\u00e5llbarhet, som inkluderar allt fr\u00e5n ansvarsfull materialhantering till energieffektivisering och minskning av avfall. Genom v\u00e5rt dagliga arbete str\u00e4var vi efter att integrera olika aspekter av h\u00e5llbarhet i varje del av v\u00e5r verksamhet, vilket f\u00f6r oss inbegriper fokus p\u00e5 l\u00e5ngsiktig milj\u00f6m\u00e4ssig, ekonomisk och social h\u00e5llbarhet.[\/et_pb_text][\/et_pb_column][et_pb_column type=&#8221;1_2&#8243; _builder_version=&#8221;4.17.4&#8243; _module_preset=&#8221;default&#8221; global_colors_info=&#8221;{}&#8221;][et_pb_text _builder_version=&#8221;4.27.4&#8243; _module_preset=&#8221;default&#8221; hover_enabled=&#8221;0&#8243; global_colors_info=&#8221;{}&#8221; sticky_enabled=&#8221;0&#8243;]<\/p>\n<h2 class=\"small-title\">Certifieringar och sp\u00e5rbarhet<\/h2>\n<p>Vi \u00e4r stolta innehavare av tv\u00e5 viktiga certifieringar:<\/p>\n<ul>\n<li><a href=\"https:\/\/abeco.se\/wp-content\/uploads\/2025\/08\/FSC-certifikat-Abeco-System-BL-AB-BV-COC-CW-123012-2024.pdf\" target=\"_blank\">FSC\u00ae (Forest Stewardship Council)<\/a><\/li>\n<li><a href=\"https:\/\/abeco.se\/wp-content\/uploads\/2025\/08\/abeco-system-BL-ab-PEFC-2024.pdf\" target=\"_blank\">PEFC (Programme for Endorsement of Forest Certification)<\/a><\/li>\n<\/ul>\n<p>Dessa certifieringar s\u00e4kerst\u00e4ller att v\u00e5ra material \u00e4r sp\u00e5rbara och h\u00e5llbara, och att vi f\u00f6ljer g\u00e4ngse formella krav f\u00f6r att uppr\u00e4tth\u00e5lla angivna standarder. Certifieringarna garanterar ocks\u00e5 att v\u00e5ra produkter kommer fr\u00e5n ansvarsfullt f\u00f6rvaltade skogar.[\/et_pb_text][\/et_pb_column][\/et_pb_row][\/et_pb_section][et_pb_section fb_built=&#8221;1&#8243; custom_padding_last_edited=&#8221;on|phone&#8221; _builder_version=&#8221;4.17.4&#8243; _module_preset=&#8221;default&#8221; background_color=&#8221;gcid-d2fbb699-feee-4a1b-8c07-f7d89c576283&#8243; custom_padding=&#8221;80px|50px|80px|50px|true|true&#8221; custom_padding_tablet=&#8221;60px|30px|60px|30px|true|true&#8221; custom_padding_phone=&#8221;40px|20px|40px|20px|true|true&#8221; global_colors_info=&#8221;{%22gcid-d2fbb699-feee-4a1b-8c07-f7d89c576283%22:%91%22background_color%22%93}&#8221;][et_pb_row column_structure=&#8221;1_2,1_2&#8243; _builder_version=&#8221;4.17.4&#8243; _module_preset=&#8221;default&#8221; width=&#8221;100%&#8221; max_width=&#8221;1000px&#8221; global_colors_info=&#8221;{}&#8221;][et_pb_column type=&#8221;1_2&#8243; _builder_version=&#8221;4.17.4&#8243; _module_preset=&#8221;default&#8221; global_colors_info=&#8221;{}&#8221;][et_pb_image src=&#8221;https:\/\/abeco.se\/wp-content\/uploads\/2025\/03\/solpaneler-1000px.jpg&#8221; title_text=&#8221;solpaneler-1000px&#8221; _builder_version=&#8221;4.27.4&#8243; _module_preset=&#8221;default&#8221; global_colors_info=&#8221;{}&#8221;][\/et_pb_image][\/et_pb_column][et_pb_column type=&#8221;1_2&#8243; _builder_version=&#8221;4.17.4&#8243; _module_preset=&#8221;default&#8221; global_colors_info=&#8221;{}&#8221;][et_pb_text _builder_version=&#8221;4.27.4&#8243; _module_preset=&#8221;default&#8221; global_colors_info=&#8221;{}&#8221;]<\/p>\n<h2 class=\"small-title\">Effektiv energif\u00f6rbrukning och \u00e5tervinning<\/h2>\n<p>V\u00e5r produktion drivs till st\u00f6rsta delen av f\u00f6rnybar energi. Vi anv\u00e4nder s\u00e5gsp\u00e5n fr\u00e5n v\u00e5r produktion till uppv\u00e4rmning av v\u00e5ra lokaler, och LED-belysning, som sparar oss 28\u202f000 kWh per \u00e5r. De restprodukter vi inte anv\u00e4nder pressas till briketter, som s\u00e4ljs till v\u00e5ra kunder eller skickas till v\u00e4rmeverk f\u00f6r vidare anv\u00e4ndning. Under de senaste \u00e5ren har vi lyckats halvera m\u00e4ngden br\u00e4nnbart avfall.<\/p>\n<p>Genom att \u00e5tervinna material och reducera transportstr\u00e4ckor minskar vi b\u00e5de v\u00e5r milj\u00f6p\u00e5verkan och v\u00e5ra kostnader.[\/et_pb_text][\/et_pb_column][\/et_pb_row][\/et_pb_section][et_pb_section fb_built=&#8221;1&#8243; custom_padding_last_edited=&#8221;on|phone&#8221; _builder_version=&#8221;4.17.4&#8243; _module_preset=&#8221;default&#8221; custom_padding=&#8221;80px|50px|80px|50px|true|true&#8221; custom_padding_tablet=&#8221;60px|30px|60px|30px|true|true&#8221; custom_padding_phone=&#8221;40px|20px|40px|20px|true|true&#8221; global_colors_info=&#8221;{}&#8221;][et_pb_row column_structure=&#8221;1_2,1_2&#8243; _builder_version=&#8221;4.17.4&#8243; _module_preset=&#8221;default&#8221; width=&#8221;100%&#8221; max_width=&#8221;1000px&#8221; global_colors_info=&#8221;{}&#8221;][et_pb_column type=&#8221;1_2&#8243; _builder_version=&#8221;4.17.4&#8243; _module_preset=&#8221;default&#8221; global_colors_info=&#8221;{}&#8221;][et_pb_text _builder_version=&#8221;4.27.4&#8243; _module_preset=&#8221;default&#8221; global_colors_info=&#8221;{}&#8221;]<\/p>\n<h2 class=\"small-title\">Cirkul\u00e4r ekonomi<\/h2>\n<p>P\u00e5 abeco implementerar vi principer f\u00f6r cirkul\u00e4r ekonomi i v\u00e5r dagliga verksamhet. Genom att \u00e5teranv\u00e4nda plastband och emballage fr\u00e5n inkommande leveranser till v\u00e5ra egna produkter minskar vi avfall och resursf\u00f6rbrukning. Dessutom \u00e5tervinns kemikalier, batterier och teknikprodukter separat, f\u00f6r att s\u00e4kerst\u00e4lla trygg hantering.<\/p>\n<p>Cirkul\u00e4r ekonomi \u00e4r k\u00e4rnan i v\u00e5r l\u00e5ngsiktiga aff\u00e4rsstrategi. Som resultat av att vi optimerar v\u00e5r resursanv\u00e4ndning, och \u00e5teranv\u00e4nder och \u00e5tervinner minskar vi v\u00e5rt avfall och skapar v\u00e4rde fr\u00e5n material som annars skulle ha kastats. Vi ser det som v\u00e5r skyldighet att minimera v\u00e5r milj\u00f6p\u00e5verkan och skapa en s\u00e5 h\u00e5llbar tillverkning som m\u00f6jligt.[\/et_pb_text][\/et_pb_column][et_pb_column type=&#8221;1_2&#8243; _builder_version=&#8221;4.17.4&#8243; _module_preset=&#8221;default&#8221; global_colors_info=&#8221;{}&#8221;][et_pb_text _builder_version=&#8221;4.27.4&#8243; _module_preset=&#8221;default&#8221; global_colors_info=&#8221;{}&#8221;]<\/p>\n<h2 class=\"small-title\">M\u00e5l f\u00f6r en h\u00e5llbar framtid<\/h2>\n<p>Vi s\u00e4tter tydliga m\u00e5l och arbetar kontinuerligt med att f\u00f6rb\u00e4ttra v\u00e5rt h\u00e5llbarhetsarbete. Det inneb\u00e4r att vi st\u00e4ndigt s\u00f6ker nya s\u00e4tt att ytterligare minska v\u00e5r energianv\u00e4ndning, optimera transportlogistiken f\u00f6r att minska utsl\u00e4pp, och utforska nya innovationer inom \u00e5tervinning och resurseffektivitet.<\/p>\n<p>V\u00e5r ambiti\u00f6sa vision \u00e4r att bli en ledande akt\u00f6r inom h\u00e5llbar produktion, inte bara genom v\u00e5ra produkter utan genom hela v\u00e5r verksamhet.[\/et_pb_text][\/et_pb_column][\/et_pb_row][\/et_pb_section][et_pb_section fb_built=&#8221;1&#8243; custom_padding_last_edited=&#8221;on|phone&#8221; _builder_version=&#8221;4.17.4&#8243; _module_preset=&#8221;default&#8221; background_color=&#8221;gcid-d2fbb699-feee-4a1b-8c07-f7d89c576283&#8243; custom_padding=&#8221;80px|50px|80px|50px|true|true&#8221; custom_padding_tablet=&#8221;60px|30px|60px|30px|true|true&#8221; custom_padding_phone=&#8221;40px|20px|40px|20px|true|true&#8221; global_colors_info=&#8221;{%22gcid-d2fbb699-feee-4a1b-8c07-f7d89c576283%22:%91%22background_color%22%93}&#8221;][et_pb_row column_structure=&#8221;1_2,1_2&#8243; _builder_version=&#8221;4.17.4&#8243; _module_preset=&#8221;default&#8221; width=&#8221;100%&#8221; max_width=&#8221;1000px&#8221; global_colors_info=&#8221;{}&#8221;][et_pb_column type=&#8221;1_2&#8243; _builder_version=&#8221;4.17.4&#8243; _module_preset=&#8221;default&#8221; global_colors_info=&#8221;{}&#8221;][et_pb_text _builder_version=&#8221;4.27.4&#8243; _module_preset=&#8221;default&#8221; global_colors_info=&#8221;{}&#8221;]<\/p>\n<h2 class=\"small-title\">Personal inarbetad i milj\u00f6t\u00e4nk och h\u00e5llbarhetsarbete<\/h2>\n<p>P\u00e5 abeco \u00e4r personalens engagemang f\u00f6r milj\u00f6 och h\u00e5llbarhet en central del av v\u00e5r verksamhet. Vi str\u00e4var efter att skapa en arbetsplats d\u00e4r h\u00e5llbara metoder och milj\u00f6medvetenhet genomsyrar den dagliga kulturen. Vi \u00e4r stolta \u00f6ver att ha ett team som inte bara \u00e4r medvetna om milj\u00f6fr\u00e5gor utan ocks\u00e5 engagerade i att driva f\u00f6r\u00e4ndring.<\/p>\n<p>Genom att s\u00e4tta h\u00e5llbarhet i fokus skapar vi l\u00e5ngsiktiga v\u00e4rden, b\u00e5de f\u00f6r v\u00e5r verksamhet och f\u00f6r samh\u00e4llet i stort.[\/et_pb_text][\/et_pb_column][et_pb_column type=&#8221;1_2&#8243; _builder_version=&#8221;4.17.4&#8243; _module_preset=&#8221;default&#8221; global_colors_info=&#8221;{}&#8221;][et_pb_image src=&#8221;https:\/\/abeco.se\/wp-content\/uploads\/2022\/08\/hyllplanmaskin-scaled.jpg&#8221; title_text=&#8221;hyllplanmaskin&#8221; _builder_version=&#8221;4.17.4&#8243; _module_preset=&#8221;default&#8221; global_colors_info=&#8221;{}&#8221;][\/et_pb_image][\/et_pb_column][\/et_pb_row][\/et_pb_section]<\/p>\n","protected":false},"excerpt":{"rendered":"<p>abeco \u2013 Det lilla f\u00f6retaget med det stora, gr\u00f6na hj\u00e4rtatH\u00e5llbarhet och milj\u00f6ansvar abeco str\u00e4var efter att skapa h\u00e5llbara och h\u00f6gkvalitativa produkter, samtidigt som vi aktivt arbetar med att minimera v\u00e5rt avfall, optimera energi\u00e5tg\u00e5ngen och hantera resurser ansvarsfullt. V\u00e5rt h\u00e5llbarhetsarbete \u00e4r integrerat i varje steg av verksamheten &#8211; fr\u00e5n produktion till distribution. Vi har en helhetssyn [&hellip;]<\/p>\n","protected":false},"author":5,"featured_media":0,"parent":0,"menu_order":0,"comment_status":"closed","ping_status":"closed","template":"","meta":{"_et_pb_use_builder":"on","_et_pb_old_content":"","_et_gb_content_width":"","footnotes":""},"class_list":["post-237039","page","type-page","status-publish","hentry"],"yoast_head":"<!-- This site is optimized with the Yoast SEO Premium plugin v20.8 (Yoast SEO v27.3) - https:\/\/yoast.com\/product\/yoast-seo-premium-wordpress\/ -->\n<title>H\u00e5llbarhet &amp; Milj\u00f6 - abeco<\/title>\n<meta name=\"description\" content=\"P\u00e5 abeco st\u00e5r h\u00e5llbarhet i fokus \u2013 vi kombinerar cirkul\u00e4r ekonomi och energieffektivitet f\u00f6r att skapa h\u00e5llbara, sp\u00e5rbara produkter.\" \/>\n<meta name=\"robots\" content=\"index, follow, max-snippet:-1, max-image-preview:large, max-video-preview:-1\" \/>\n<link rel=\"canonical\" href=\"https:\/\/abeco.se\/en\/hallbarhet-miljo\/\" \/>\n<meta property=\"og:locale\" content=\"en_GB\" \/>\n<meta property=\"og:type\" content=\"article\" \/>\n<meta property=\"og:title\" content=\"H\u00e5llbarhet &amp; Milj\u00f6\" \/>\n<meta property=\"og:description\" content=\"P\u00e5 abeco st\u00e5r h\u00e5llbarhet i fokus \u2013 vi kombinerar cirkul\u00e4r ekonomi och energieffektivitet f\u00f6r att skapa h\u00e5llbara, sp\u00e5rbara produkter.\" \/>\n<meta property=\"og:url\" content=\"https:\/\/abeco.se\/en\/hallbarhet-miljo\/\" \/>\n<meta property=\"og:site_name\" content=\"abeco\" \/>\n<meta property=\"article:modified_time\" content=\"2025-08-28T11:00:53+00:00\" \/>\n<meta name=\"twitter:card\" content=\"summary_large_image\" \/>\n<script type=\"application\/ld+json\" class=\"yoast-schema-graph\">{\"@context\":\"https:\\\/\\\/schema.org\",\"@graph\":[{\"@type\":\"WebPage\",\"@id\":\"https:\\\/\\\/abeco.se\\\/hallbarhet-miljo\\\/\",\"url\":\"https:\\\/\\\/abeco.se\\\/hallbarhet-miljo\\\/\",\"name\":\"H\u00e5llbarhet &amp; Milj\u00f6 - abeco\",\"isPartOf\":{\"@id\":\"https:\\\/\\\/abeco.se\\\/#website\"},\"datePublished\":\"2025-02-12T11:33:27+00:00\",\"dateModified\":\"2025-08-28T11:00:53+00:00\",\"description\":\"P\u00e5 abeco st\u00e5r h\u00e5llbarhet i fokus \u2013 vi kombinerar cirkul\u00e4r ekonomi och energieffektivitet f\u00f6r att skapa h\u00e5llbara, sp\u00e5rbara produkter.\",\"breadcrumb\":{\"@id\":\"https:\\\/\\\/abeco.se\\\/hallbarhet-miljo\\\/#breadcrumb\"},\"inLanguage\":\"en-GB\",\"potentialAction\":[{\"@type\":\"ReadAction\",\"target\":[\"https:\\\/\\\/abeco.se\\\/hallbarhet-miljo\\\/\"]}]},{\"@type\":\"BreadcrumbList\",\"@id\":\"https:\\\/\\\/abeco.se\\\/hallbarhet-miljo\\\/#breadcrumb\",\"itemListElement\":[{\"@type\":\"ListItem\",\"position\":1,\"name\":\"Home\",\"item\":\"https:\\\/\\\/abeco.se\\\/\"},{\"@type\":\"ListItem\",\"position\":2,\"name\":\"H\u00e5llbarhet &amp; Milj\u00f6\"}]},{\"@type\":\"WebSite\",\"@id\":\"https:\\\/\\\/abeco.se\\\/#website\",\"url\":\"https:\\\/\\\/abeco.se\\\/\",\"name\":\"abeco\",\"description\":\"\",\"potentialAction\":[{\"@type\":\"SearchAction\",\"target\":{\"@type\":\"EntryPoint\",\"urlTemplate\":\"https:\\\/\\\/abeco.se\\\/?s={search_term_string}\"},\"query-input\":{\"@type\":\"PropertyValueSpecification\",\"valueRequired\":true,\"valueName\":\"search_term_string\"}}],\"inLanguage\":\"en-GB\"}]}<\/script>\n<!-- \/ Yoast SEO Premium plugin. -->","yoast_head_json":{"title":"H\u00e5llbarhet &amp; Milj\u00f6 - abeco","description":"P\u00e5 abeco st\u00e5r h\u00e5llbarhet i fokus \u2013 vi kombinerar cirkul\u00e4r ekonomi och energieffektivitet f\u00f6r att skapa h\u00e5llbara, sp\u00e5rbara produkter.","robots":{"index":"index","follow":"follow","max-snippet":"max-snippet:-1","max-image-preview":"max-image-preview:large","max-video-preview":"max-video-preview:-1"},"canonical":"https:\/\/abeco.se\/en\/hallbarhet-miljo\/","og_locale":"en_GB","og_type":"article","og_title":"H\u00e5llbarhet &amp; Milj\u00f6","og_description":"P\u00e5 abeco st\u00e5r h\u00e5llbarhet i fokus \u2013 vi kombinerar cirkul\u00e4r ekonomi och energieffektivitet f\u00f6r att skapa h\u00e5llbara, sp\u00e5rbara produkter.","og_url":"https:\/\/abeco.se\/en\/hallbarhet-miljo\/","og_site_name":"abeco","article_modified_time":"2025-08-28T11:00:53+00:00","twitter_card":"summary_large_image","schema":{"@context":"https:\/\/schema.org","@graph":[{"@type":"WebPage","@id":"https:\/\/abeco.se\/hallbarhet-miljo\/","url":"https:\/\/abeco.se\/hallbarhet-miljo\/","name":"H\u00e5llbarhet &amp; Milj\u00f6 - abeco","isPartOf":{"@id":"https:\/\/abeco.se\/#website"},"datePublished":"2025-02-12T11:33:27+00:00","dateModified":"2025-08-28T11:00:53+00:00","description":"P\u00e5 abeco st\u00e5r h\u00e5llbarhet i fokus \u2013 vi kombinerar cirkul\u00e4r ekonomi och energieffektivitet f\u00f6r att skapa h\u00e5llbara, sp\u00e5rbara produkter.","breadcrumb":{"@id":"https:\/\/abeco.se\/hallbarhet-miljo\/#breadcrumb"},"inLanguage":"en-GB","potentialAction":[{"@type":"ReadAction","target":["https:\/\/abeco.se\/hallbarhet-miljo\/"]}]},{"@type":"BreadcrumbList","@id":"https:\/\/abeco.se\/hallbarhet-miljo\/#breadcrumb","itemListElement":[{"@type":"ListItem","position":1,"name":"Home","item":"https:\/\/abeco.se\/"},{"@type":"ListItem","position":2,"name":"H\u00e5llbarhet &amp; Milj\u00f6"}]},{"@type":"WebSite","@id":"https:\/\/abeco.se\/#website","url":"https:\/\/abeco.se\/","name":"abeco","description":"","potentialAction":[{"@type":"SearchAction","target":{"@type":"EntryPoint","urlTemplate":"https:\/\/abeco.se\/?s={search_term_string}"},"query-input":{"@type":"PropertyValueSpecification","valueRequired":true,"valueName":"search_term_string"}}],"inLanguage":"en-GB"}]}},"_links":{"self":[{"href":"https:\/\/abeco.se\/en\/wp-json\/wp\/v2\/pages\/237039","targetHints":{"allow":["GET"]}}],"collection":[{"href":"https:\/\/abeco.se\/en\/wp-json\/wp\/v2\/pages"}],"about":[{"href":"https:\/\/abeco.se\/en\/wp-json\/wp\/v2\/types\/page"}],"author":[{"embeddable":true,"href":"https:\/\/abeco.se\/en\/wp-json\/wp\/v2\/users\/5"}],"replies":[{"embeddable":true,"href":"https:\/\/abeco.se\/en\/wp-json\/wp\/v2\/comments?post=237039"}],"version-history":[{"count":0,"href":"https:\/\/abeco.se\/en\/wp-json\/wp\/v2\/pages\/237039\/revisions"}],"wp:attachment":[{"href":"https:\/\/abeco.se\/en\/wp-json\/wp\/v2\/media?parent=237039"}],"curies":[{"name":"wp","href":"https:\/\/api.w.org\/{rel}","templated":true}]}}