{"id":236863,"date":"2023-11-15T09:21:16","date_gmt":"2023-11-15T08:21:16","guid":{"rendered":"https:\/\/abeco.se\/?page_id=236863"},"modified":"2025-05-08T17:06:43","modified_gmt":"2025-05-08T15:06:43","slug":"smygpaneler","status":"publish","type":"page","link":"https:\/\/abeco.se\/en\/smygpaneler\/","title":{"rendered":"Window sills"},"content":{"rendered":"<p>[et_pb_section fb_built=&#8221;1&#8243; custom_padding_last_edited=&#8221;on|phone&#8221; _builder_version=&#8221;4.16&#8243; _module_preset=&#8221;default&#8221; background_image=&#8221;https:\/\/abeco.se\/wp-content\/uploads\/2021\/11\/skog.jpg&#8221; custom_padding=&#8221;||||false|false&#8221; custom_padding_tablet=&#8221;&#8221; custom_padding_phone=&#8221;0px||0px||false|false&#8221; global_colors_info=&#8221;{}&#8221;][et_pb_row _builder_version=&#8221;4.16&#8243; _module_preset=&#8221;default&#8221; custom_margin=&#8221;||||false|false&#8221; global_colors_info=&#8221;{}&#8221;][et_pb_column type=&#8221;4_4&#8243; _builder_version=&#8221;4.16&#8243; _module_preset=&#8221;default&#8221; global_colors_info=&#8221;{}&#8221;][et_pb_text _builder_version=&#8221;4.27.4&#8243; _module_preset=&#8221;default&#8221; header_text_color=&#8221;#FFFFFF&#8221; header_font_size=&#8221;40px&#8221; global_colors_info=&#8221;{}&#8221;]<\/p>\n<h1 class=\"page-title\">Smygpaneler<\/h1>\n<p>[\/et_pb_text][\/et_pb_column][\/et_pb_row][\/et_pb_section][et_pb_section fb_built=&#8221;1&#8243; _builder_version=&#8221;4.16&#8243; _module_preset=&#8221;default&#8221; global_colors_info=&#8221;{}&#8221;][et_pb_row column_structure=&#8221;3_5,2_5&#8243; _builder_version=&#8221;4.17.4&#8243; _module_preset=&#8221;default&#8221; custom_padding=&#8221;||||false|false&#8221; global_colors_info=&#8221;{}&#8221;][et_pb_column type=&#8221;3_5&#8243; _builder_version=&#8221;4.17.4&#8243; _module_preset=&#8221;default&#8221; global_colors_info=&#8221;{}&#8221;][et_pb_text _builder_version=&#8221;4.27.4&#8243; _module_preset=&#8221;default&#8221; text_font_size=&#8221;16px&#8221; link_font=&#8221;||||on||||&#8221; link_text_color=&#8221;#0645ad&#8221; global_colors_info=&#8221;{}&#8221;]<\/p>\n<h2 class=\"section-title\"><span>Smygpaneler med stomme av sp\u00e5nskiva eller MDF<\/span><\/h2>\n<p>abeco levererar smygpaneler med <span>solid stomme av sp\u00e5nskiva eller MDF f\u00f6r att s\u00e4kerst\u00e4lla h\u00e5llbarhet och kvalitet<\/span>. Smygpanelerna kan ommantlas med <span>vit finishfolie med SH lack, folie med tr\u00e4struktur eller fan\u00e9r. Vi erbjuder ett brett utbud av ytmaterial som exempelvis bok, ek, bj\u00f6rk, l\u00f6nn mm. <a href=\"https:\/\/abeco.se\/ytmaterial\/\">H\u00e4r hittar ni exempel p\u00e5 ytmaterial till v\u00e5ra paneler och lister.<\/a><\/span><\/p>\n<p>[\/et_pb_text][et_pb_text _builder_version=&#8221;4.27.4&#8243; _module_preset=&#8221;default&#8221; text_font_size=&#8221;16px&#8221; link_font=&#8221;||||on||||&#8221; link_text_color=&#8221;#0645ad&#8221; hover_enabled=&#8221;0&#8243; global_colors_info=&#8221;{}&#8221; sticky_enabled=&#8221;0&#8243;]<\/p>\n<h2 class=\"smaller-title\"><span>Smygpaneler i olika storlekar<\/span><\/h2>\n<p><span>Vi erbjuder smygpaneler i bredder som str\u00e4cker sig upp till 450 mm, vilket ger er flexibiliteten att anpassa ert projekt efter era specifika behov. <\/span><span>V\u00e5ra smygpaneler kommer i standardtjocklekar p\u00e5 10, 12, 16 eller 19 mm, men vi kan ocks\u00e5 anpassa m\u00e5tten efter era \u00f6nskem\u00e5l.<\/span><\/p>\n<p><span>F\u00f6r en enkel och effektiv installation kan vi \u00e4ven erbjuda l\u00f6sningar med sp\u00e5r f\u00f6r monteringsclips, vilket f\u00f6renklar monteringsprocessen ytterligare <a href=\"https:\/\/abeco.se\/monteringssystem\/\">(se v\u00e5rt monteringssystem h\u00e4r).<\/a><\/span><\/p>\n<p><span>V\u00e5ra smygpaneler finns \u00e4ven som omfattnings- och t\u00e4ckbr\u00e4da, vilket g\u00f6r det m\u00f6jligt f\u00f6r er att skapa en sammanh\u00e4ngande och stilren design i hela projektet. V\u00e5ra smygpaneler \u00e4r det perfekta valet f\u00f6r att ge era v\u00e4ggar och ytor ett snyggt och professionellt utseende samtidigt som de erbjuder en h\u00e5llbar och slitstark l\u00f6sning.<\/span><\/p>\n<p>[\/et_pb_text][\/et_pb_column][et_pb_column type=&#8221;2_5&#8243; _builder_version=&#8221;4.17.4&#8243; _module_preset=&#8221;default&#8221; global_colors_info=&#8221;{}&#8221;][et_pb_image src=&#8221;https:\/\/abeco.se\/wp-content\/uploads\/2022\/06\/abeco-7-scaled-e1655963778393.jpg&#8221; alt=&#8221;vit smygpanel fr\u00e5n abeco&#8221; title_text=&#8221;vit smygpanel fr\u00e5n abeco&#8221; align=&#8221;center&#8221; _builder_version=&#8221;4.17.4&#8243; _module_preset=&#8221;default&#8221; global_colors_info=&#8221;{}&#8221;][\/et_pb_image][\/et_pb_column][\/et_pb_row][\/et_pb_section][et_pb_section fb_built=&#8221;1&#8243; _builder_version=&#8221;4.17.4&#8243; _module_preset=&#8221;default&#8221; background_color=&#8221;#fcfcfc&#8221; locked=&#8221;off&#8221; global_colors_info=&#8221;{}&#8221;][et_pb_row _builder_version=&#8221;4.17.4&#8243; _module_preset=&#8221;default&#8221; custom_padding=&#8221;||0px||false|false&#8221; global_colors_info=&#8221;{}&#8221;][et_pb_column type=&#8221;4_4&#8243; _builder_version=&#8221;4.17.4&#8243; _module_preset=&#8221;default&#8221; global_colors_info=&#8221;{}&#8221;][et_pb_text _builder_version=&#8221;4.27.4&#8243; _module_preset=&#8221;default&#8221; text_font_size=&#8221;16px&#8221; link_text_color=&#8221;#0645ad&#8221; locked=&#8221;off&#8221; global_colors_info=&#8221;{}&#8221;]<\/p>\n<h2 class=\"section-title\">Andra tillval<\/h2>\n<p>[\/et_pb_text][\/et_pb_column][\/et_pb_row][et_pb_row column_structure=&#8221;1_3,1_3,1_3&#8243; _builder_version=&#8221;4.17.4&#8243; _module_preset=&#8221;default&#8221; global_colors_info=&#8221;{}&#8221;][et_pb_column type=&#8221;1_3&#8243; _builder_version=&#8221;4.17.4&#8243; _module_preset=&#8221;default&#8221; global_colors_info=&#8221;{}&#8221;][et_pb_gallery gallery_ids=&#8221;236131,236132&#8243; fullwidth=&#8221;on&#8221; _builder_version=&#8221;4.16&#8243; _module_preset=&#8221;default&#8221; title_font_size=&#8221;0px&#8221; hover_transition_duration=&#8221;0ms&#8221; hover_transition_speed_curve=&#8221;linear&#8221; border_width_all=&#8221;1px&#8221; border_color_all=&#8221;rgba(51,51,51,0.1)&#8221; locked=&#8221;off&#8221; global_colors_info=&#8221;{}&#8221;][\/et_pb_gallery][et_pb_text _builder_version=&#8221;4.16&#8243; _module_preset=&#8221;default&#8221; text_font_size=&#8221;18px&#8221; custom_margin=&#8221;0px||0px||false|false&#8221; custom_padding=&#8221;0px||10px||false|false&#8221; locked=&#8221;off&#8221; global_colors_info=&#8221;{}&#8221;]<\/p>\n<p style=\"text-align: center;\"><strong>H\u00f6rnsystem med C-tappar<\/strong><\/p>\n<p>[\/et_pb_text][\/et_pb_column][et_pb_column type=&#8221;1_3&#8243; _builder_version=&#8221;4.17.4&#8243; _module_preset=&#8221;default&#8221; global_colors_info=&#8221;{}&#8221;][et_pb_gallery gallery_ids=&#8221;236144&#8243; fullwidth=&#8221;on&#8221; _builder_version=&#8221;4.16&#8243; _module_preset=&#8221;default&#8221; title_font_size=&#8221;0px&#8221; hover_transition_duration=&#8221;0ms&#8221; hover_transition_speed_curve=&#8221;linear&#8221; border_width_all=&#8221;1px&#8221; border_color_all=&#8221;rgba(51,51,51,0.1)&#8221; locked=&#8221;off&#8221; global_colors_info=&#8221;{}&#8221;][\/et_pb_gallery][et_pb_text _builder_version=&#8221;4.16&#8243; _module_preset=&#8221;default&#8221; text_font_size=&#8221;18px&#8221; custom_margin=&#8221;0px||0px||false|false&#8221; custom_padding=&#8221;0px||10px||false|false&#8221; locked=&#8221;off&#8221; global_colors_info=&#8221;{}&#8221;]<\/p>\n<p style=\"text-align: center;\"><strong>F\u00f6nsterb\u00e4nkar<\/strong><\/p>\n<p>[\/et_pb_text][et_pb_text _builder_version=&#8221;4.17.4&#8243; _module_preset=&#8221;default&#8221; global_colors_info=&#8221;{}&#8221;]<\/p>\n<p>Belagd med vit vattent\u00e5lig folie.<\/p>\n<p>Levereras ocks\u00e5 som \u00e4ndkantslistade.<\/p>\n<p>Olika dimensioner och l\u00e4ngder,\u00a0kontakta oss f\u00f6r mer information.<\/p>\n<p>[\/et_pb_text][\/et_pb_column][et_pb_column type=&#8221;1_3&#8243; _builder_version=&#8221;4.17.4&#8243; _module_preset=&#8221;default&#8221; global_colors_info=&#8221;{}&#8221;][\/et_pb_column][\/et_pb_row][\/et_pb_section][et_pb_section fb_built=&#8221;1&#8243; _builder_version=&#8221;4.17.4&#8243; _module_preset=&#8221;default&#8221; global_colors_info=&#8221;{}&#8221;][et_pb_row column_structure=&#8221;1_2,1_2&#8243; _builder_version=&#8221;4.17.4&#8243; _module_preset=&#8221;default&#8221; global_colors_info=&#8221;{}&#8221;][et_pb_column type=&#8221;1_2&#8243; _builder_version=&#8221;4.17.4&#8243; _module_preset=&#8221;default&#8221; global_colors_info=&#8221;{}&#8221;][et_pb_text _builder_version=&#8221;4.27.4&#8243; _module_preset=&#8221;default&#8221; text_font_size=&#8221;16px&#8221; link_text_color=&#8221;#0645ad&#8221; global_colors_info=&#8221;{}&#8221;]<\/p>\n<h3 class=\"section-title\">Kundanpassade l\u00f6sningar<\/h3>\n<p>P\u00e5 abeco arbetar vi med ommantling av tr\u00e4baserat material \u2013\u00a0t.ex. sp\u00e5nskiva, MDF, plywood,\u00a0gran \u2013\u00a0som bel\u00e4ggs\u00a0med folie eller fan\u00e9r,\u00a0obehandlad eller lackerad. Vi levererar ocks\u00e5 komponenter av ovanst\u00e5ende material utan ommantling,\u00a0exempelvis upph\u00e4ngningslister med centrumtappar.<\/p>\n<p>Vi tillverkar efter kund\u00f6nskem\u00e5l inredningsdetaljer till k\u00f6ks- och badrumssk\u00e5p, smygpanel till f\u00f6nster och d\u00f6rrar, listverk s\u00e5som foder och sockel. Alla v\u00e5ra lister kan, om \u00f6nskas, f\u00f6rses med Nattaro Safe\u00ae f\u00f6r att skydda fastigheten mot v\u00e4ggl\u00f6ss.<\/p>\n<p><a href=\"https:\/\/abeco.se\/produkter\/\"><span style=\"text-decoration: underline;\">H\u00e4r kan du se alla v\u00e5ra produkter<\/span><\/a>[\/et_pb_text][\/et_pb_column][et_pb_column type=&#8221;1_2&#8243; _builder_version=&#8221;4.17.4&#8243; _module_preset=&#8221;default&#8221; global_colors_info=&#8221;{}&#8221;][et_pb_text _builder_version=&#8221;4.27.4&#8243; _module_preset=&#8221;default&#8221; global_colors_info=&#8221;{}&#8221;]<\/p>\n<h2 class=\"smaller-title\">Intresserad av smygpaneler? Kontakta oss!<\/h2>\n<p>[\/et_pb_text][et_pb_contact_form use_spam_service=&#8221;on&#8221; recaptcha_list=&#8221;abeco-0&#8243; email=&#8221;lars@abeco.se, kontor@abeco.se&#8221; title=&#8221;Smygpaneler &#8211; Formul\u00e4r&#8221; custom_message=&#8221;| Namn | %%Name%%||et_pb_line_break_holder||| F\u00f6retagsnamn | %%foretagsnamn%%||et_pb_line_break_holder||| Email | %%Email%%||et_pb_line_break_holder|||Meddelande | %%Message%%&#8221; success_message=&#8221;Tack, vi har tagit emot ditt meddelande och \u00e5terkommer s\u00e5 snart vi kan!&#8221; _builder_version=&#8221;4.17.4&#8243; _module_preset=&#8221;default&#8221; _unique_id=&#8221;f1e386aa-6380-41bd-a855-3cbb55b9671f&#8221; custom_button=&#8221;on&#8221; button_text_color=&#8221;#011c39&#8243; custom_css_contact_title=&#8221;display: none;&#8221; global_colors_info=&#8221;{}&#8221;][et_pb_contact_field field_id=&#8221;Name&#8221; field_title=&#8221;Namn&#8221; fullwidth_field=&#8221;on&#8221; _builder_version=&#8221;4.17.4&#8243; global_colors_info=&#8221;{}&#8221; button_text_size__hover_enabled=&#8221;off&#8221; button_one_text_size__hover_enabled=&#8221;off&#8221; button_two_text_size__hover_enabled=&#8221;off&#8221; button_text_color__hover_enabled=&#8221;off&#8221; button_one_text_color__hover_enabled=&#8221;off&#8221; button_two_text_color__hover_enabled=&#8221;off&#8221; button_border_width__hover_enabled=&#8221;off&#8221; button_one_border_width__hover_enabled=&#8221;off&#8221; button_two_border_width__hover_enabled=&#8221;off&#8221; button_border_color__hover_enabled=&#8221;off&#8221; button_one_border_color__hover_enabled=&#8221;off&#8221; button_two_border_color__hover_enabled=&#8221;off&#8221; button_border_radius__hover_enabled=&#8221;off&#8221; button_one_border_radius__hover_enabled=&#8221;off&#8221; button_two_border_radius__hover_enabled=&#8221;off&#8221; button_letter_spacing__hover_enabled=&#8221;off&#8221; button_one_letter_spacing__hover_enabled=&#8221;off&#8221; button_two_letter_spacing__hover_enabled=&#8221;off&#8221; button_bg_color__hover_enabled=&#8221;off&#8221; button_one_bg_color__hover_enabled=&#8221;off&#8221; button_two_bg_color__hover_enabled=&#8221;off&#8221;][\/et_pb_contact_field][et_pb_contact_field field_id=&#8221;foretagsnamn&#8221; field_title=&#8221;F\u00f6retagsnamn&#8221; fullwidth_field=&#8221;on&#8221; _builder_version=&#8221;4.17.4&#8243; global_colors_info=&#8221;{}&#8221; button_text_size__hover_enabled=&#8221;off&#8221; button_one_text_size__hover_enabled=&#8221;off&#8221; button_two_text_size__hover_enabled=&#8221;off&#8221; button_text_color__hover_enabled=&#8221;off&#8221; button_one_text_color__hover_enabled=&#8221;off&#8221; button_two_text_color__hover_enabled=&#8221;off&#8221; button_border_width__hover_enabled=&#8221;off&#8221; button_one_border_width__hover_enabled=&#8221;off&#8221; button_two_border_width__hover_enabled=&#8221;off&#8221; button_border_color__hover_enabled=&#8221;off&#8221; button_one_border_color__hover_enabled=&#8221;off&#8221; button_two_border_color__hover_enabled=&#8221;off&#8221; button_border_radius__hover_enabled=&#8221;off&#8221; button_one_border_radius__hover_enabled=&#8221;off&#8221; button_two_border_radius__hover_enabled=&#8221;off&#8221; button_letter_spacing__hover_enabled=&#8221;off&#8221; button_one_letter_spacing__hover_enabled=&#8221;off&#8221; button_two_letter_spacing__hover_enabled=&#8221;off&#8221; button_bg_color__hover_enabled=&#8221;off&#8221; button_one_bg_color__hover_enabled=&#8221;off&#8221; button_two_bg_color__hover_enabled=&#8221;off&#8221;][\/et_pb_contact_field][et_pb_contact_field field_id=&#8221;Email&#8221; field_title=&#8221;E-postadress&#8221; field_type=&#8221;email&#8221; fullwidth_field=&#8221;on&#8221; _builder_version=&#8221;4.17.4&#8243; global_colors_info=&#8221;{}&#8221; button_text_size__hover_enabled=&#8221;off&#8221; button_one_text_size__hover_enabled=&#8221;off&#8221; button_two_text_size__hover_enabled=&#8221;off&#8221; button_text_color__hover_enabled=&#8221;off&#8221; button_one_text_color__hover_enabled=&#8221;off&#8221; button_two_text_color__hover_enabled=&#8221;off&#8221; button_border_width__hover_enabled=&#8221;off&#8221; button_one_border_width__hover_enabled=&#8221;off&#8221; button_two_border_width__hover_enabled=&#8221;off&#8221; button_border_color__hover_enabled=&#8221;off&#8221; button_one_border_color__hover_enabled=&#8221;off&#8221; button_two_border_color__hover_enabled=&#8221;off&#8221; button_border_radius__hover_enabled=&#8221;off&#8221; button_one_border_radius__hover_enabled=&#8221;off&#8221; button_two_border_radius__hover_enabled=&#8221;off&#8221; button_letter_spacing__hover_enabled=&#8221;off&#8221; button_one_letter_spacing__hover_enabled=&#8221;off&#8221; button_two_letter_spacing__hover_enabled=&#8221;off&#8221; button_bg_color__hover_enabled=&#8221;off&#8221; button_one_bg_color__hover_enabled=&#8221;off&#8221; button_two_bg_color__hover_enabled=&#8221;off&#8221;][\/et_pb_contact_field][et_pb_contact_field field_id=&#8221;Message&#8221; field_title=&#8221;Meddelande&#8221; field_type=&#8221;text&#8221; fullwidth_field=&#8221;on&#8221; _builder_version=&#8221;4.16&#8243; global_colors_info=&#8221;{}&#8221; button_text_size__hover_enabled=&#8221;off&#8221; button_one_text_size__hover_enabled=&#8221;off&#8221; button_two_text_size__hover_enabled=&#8221;off&#8221; button_text_color__hover_enabled=&#8221;off&#8221; button_one_text_color__hover_enabled=&#8221;off&#8221; button_two_text_color__hover_enabled=&#8221;off&#8221; button_border_width__hover_enabled=&#8221;off&#8221; button_one_border_width__hover_enabled=&#8221;off&#8221; button_two_border_width__hover_enabled=&#8221;off&#8221; button_border_color__hover_enabled=&#8221;off&#8221; button_one_border_color__hover_enabled=&#8221;off&#8221; button_two_border_color__hover_enabled=&#8221;off&#8221; button_border_radius__hover_enabled=&#8221;off&#8221; button_one_border_radius__hover_enabled=&#8221;off&#8221; button_two_border_radius__hover_enabled=&#8221;off&#8221; button_letter_spacing__hover_enabled=&#8221;off&#8221; button_one_letter_spacing__hover_enabled=&#8221;off&#8221; button_two_letter_spacing__hover_enabled=&#8221;off&#8221; button_bg_color__hover_enabled=&#8221;off&#8221; button_one_bg_color__hover_enabled=&#8221;off&#8221; button_two_bg_color__hover_enabled=&#8221;off&#8221;][\/et_pb_contact_field][\/et_pb_contact_form][et_pb_text _builder_version=&#8221;4.17.4&#8243; _module_preset=&#8221;default&#8221; text_font_size=&#8221;16px&#8221; link_font=&#8221;||||on||||&#8221; link_text_color=&#8221;#0645ad&#8221; global_colors_info=&#8221;{}&#8221;]<\/p>\n<p><span style=\"text-decoration: underline;\"><a href=\"https:\/\/abeco.se\/kontakt\/\">F\u00f6r fullst\u00e4ndiga uppgifter, klicka h\u00e4r.<\/a><\/span><\/p>\n<p>[\/et_pb_text][\/et_pb_column][\/et_pb_row][\/et_pb_section]<\/p>\n","protected":false},"excerpt":{"rendered":"<p>SmygpanelerSmygpaneler med stomme av sp\u00e5nskiva eller MDF abeco levererar smygpaneler med solid stomme av sp\u00e5nskiva eller MDF f\u00f6r att s\u00e4kerst\u00e4lla h\u00e5llbarhet och kvalitet. Smygpanelerna kan ommantlas med vit finishfolie med SH lack, folie med tr\u00e4struktur eller fan\u00e9r. Vi erbjuder ett brett utbud av ytmaterial som exempelvis bok, ek, bj\u00f6rk, l\u00f6nn mm. H\u00e4r hittar ni exempel [&hellip;]<\/p>\n","protected":false},"author":1,"featured_media":0,"parent":0,"menu_order":0,"comment_status":"closed","ping_status":"closed","template":"","meta":{"_et_pb_use_builder":"on","_et_pb_old_content":"","_et_gb_content_width":"","footnotes":""},"class_list":["post-236863","page","type-page","status-publish","hentry"],"yoast_head":"<!-- This site is optimized with the Yoast SEO Premium plugin v20.8 (Yoast SEO v27.1.1) - https:\/\/yoast.com\/product\/yoast-seo-premium-wordpress\/ -->\n<title>Smygpaneler med stomme av sp\u00e5nskiva eller MDF - abeco<\/title>\n<meta name=\"description\" content=\"abeco levererar smygpaneler med solid stomme av sp\u00e5nskiva eller MDF f\u00f6r att s\u00e4kerst\u00e4lla h\u00e5llbarhet och kvalitet.\" \/>\n<meta name=\"robots\" content=\"index, follow, max-snippet:-1, max-image-preview:large, max-video-preview:-1\" \/>\n<link rel=\"canonical\" href=\"https:\/\/abeco.se\/en\/smygpaneler\/\" \/>\n<meta property=\"og:locale\" content=\"en_GB\" \/>\n<meta property=\"og:type\" content=\"article\" \/>\n<meta property=\"og:title\" content=\"Smygpaneler\" \/>\n<meta property=\"og:description\" content=\"abeco levererar smygpaneler med solid stomme av sp\u00e5nskiva eller MDF f\u00f6r att s\u00e4kerst\u00e4lla h\u00e5llbarhet och kvalitet.\" \/>\n<meta property=\"og:url\" content=\"https:\/\/abeco.se\/en\/smygpaneler\/\" \/>\n<meta property=\"og:site_name\" content=\"abeco\" \/>\n<meta property=\"article:modified_time\" content=\"2025-05-08T15:06:43+00:00\" \/>\n<meta name=\"twitter:card\" content=\"summary_large_image\" \/>\n<meta name=\"twitter:label1\" content=\"Estimated reading time\" \/>\n\t<meta name=\"twitter:data1\" content=\"3 minutes\" \/>\n<script type=\"application\/ld+json\" class=\"yoast-schema-graph\">{\"@context\":\"https:\/\/schema.org\",\"@graph\":[{\"@type\":\"WebPage\",\"@id\":\"https:\/\/abeco.se\/smygpaneler\/\",\"url\":\"https:\/\/abeco.se\/smygpaneler\/\",\"name\":\"Smygpaneler med stomme av sp\u00e5nskiva eller MDF - abeco\",\"isPartOf\":{\"@id\":\"https:\/\/abeco.se\/#website\"},\"datePublished\":\"2023-11-15T08:21:16+00:00\",\"dateModified\":\"2025-05-08T15:06:43+00:00\",\"description\":\"abeco levererar smygpaneler med solid stomme av sp\u00e5nskiva eller MDF f\u00f6r att s\u00e4kerst\u00e4lla h\u00e5llbarhet och kvalitet.\",\"breadcrumb\":{\"@id\":\"https:\/\/abeco.se\/smygpaneler\/#breadcrumb\"},\"inLanguage\":\"en-GB\",\"potentialAction\":[{\"@type\":\"ReadAction\",\"target\":[\"https:\/\/abeco.se\/smygpaneler\/\"]}]},{\"@type\":\"BreadcrumbList\",\"@id\":\"https:\/\/abeco.se\/smygpaneler\/#breadcrumb\",\"itemListElement\":[{\"@type\":\"ListItem\",\"position\":1,\"name\":\"Home\",\"item\":\"https:\/\/abeco.se\/\"},{\"@type\":\"ListItem\",\"position\":2,\"name\":\"Smygpaneler\"}]},{\"@type\":\"WebSite\",\"@id\":\"https:\/\/abeco.se\/#website\",\"url\":\"https:\/\/abeco.se\/\",\"name\":\"abeco\",\"description\":\"\",\"potentialAction\":[{\"@type\":\"SearchAction\",\"target\":{\"@type\":\"EntryPoint\",\"urlTemplate\":\"https:\/\/abeco.se\/?s={search_term_string}\"},\"query-input\":{\"@type\":\"PropertyValueSpecification\",\"valueRequired\":true,\"valueName\":\"search_term_string\"}}],\"inLanguage\":\"en-GB\"}]}<\/script>\n<!-- \/ Yoast SEO Premium plugin. -->","yoast_head_json":{"title":"Smygpaneler med stomme av sp\u00e5nskiva eller MDF - abeco","description":"abeco levererar smygpaneler med solid stomme av sp\u00e5nskiva eller MDF f\u00f6r att s\u00e4kerst\u00e4lla h\u00e5llbarhet och kvalitet.","robots":{"index":"index","follow":"follow","max-snippet":"max-snippet:-1","max-image-preview":"max-image-preview:large","max-video-preview":"max-video-preview:-1"},"canonical":"https:\/\/abeco.se\/en\/smygpaneler\/","og_locale":"en_GB","og_type":"article","og_title":"Smygpaneler","og_description":"abeco levererar smygpaneler med solid stomme av sp\u00e5nskiva eller MDF f\u00f6r att s\u00e4kerst\u00e4lla h\u00e5llbarhet och kvalitet.","og_url":"https:\/\/abeco.se\/en\/smygpaneler\/","og_site_name":"abeco","article_modified_time":"2025-05-08T15:06:43+00:00","twitter_card":"summary_large_image","twitter_misc":{"Estimated reading time":"3 minutes"},"schema":{"@context":"https:\/\/schema.org","@graph":[{"@type":"WebPage","@id":"https:\/\/abeco.se\/smygpaneler\/","url":"https:\/\/abeco.se\/smygpaneler\/","name":"Smygpaneler med stomme av sp\u00e5nskiva eller MDF - abeco","isPartOf":{"@id":"https:\/\/abeco.se\/#website"},"datePublished":"2023-11-15T08:21:16+00:00","dateModified":"2025-05-08T15:06:43+00:00","description":"abeco levererar smygpaneler med solid stomme av sp\u00e5nskiva eller MDF f\u00f6r att s\u00e4kerst\u00e4lla h\u00e5llbarhet och kvalitet.","breadcrumb":{"@id":"https:\/\/abeco.se\/smygpaneler\/#breadcrumb"},"inLanguage":"en-GB","potentialAction":[{"@type":"ReadAction","target":["https:\/\/abeco.se\/smygpaneler\/"]}]},{"@type":"BreadcrumbList","@id":"https:\/\/abeco.se\/smygpaneler\/#breadcrumb","itemListElement":[{"@type":"ListItem","position":1,"name":"Home","item":"https:\/\/abeco.se\/"},{"@type":"ListItem","position":2,"name":"Smygpaneler"}]},{"@type":"WebSite","@id":"https:\/\/abeco.se\/#website","url":"https:\/\/abeco.se\/","name":"abeco","description":"","potentialAction":[{"@type":"SearchAction","target":{"@type":"EntryPoint","urlTemplate":"https:\/\/abeco.se\/?s={search_term_string}"},"query-input":{"@type":"PropertyValueSpecification","valueRequired":true,"valueName":"search_term_string"}}],"inLanguage":"en-GB"}]}},"_links":{"self":[{"href":"https:\/\/abeco.se\/en\/wp-json\/wp\/v2\/pages\/236863","targetHints":{"allow":["GET"]}}],"collection":[{"href":"https:\/\/abeco.se\/en\/wp-json\/wp\/v2\/pages"}],"about":[{"href":"https:\/\/abeco.se\/en\/wp-json\/wp\/v2\/types\/page"}],"author":[{"embeddable":true,"href":"https:\/\/abeco.se\/en\/wp-json\/wp\/v2\/users\/1"}],"replies":[{"embeddable":true,"href":"https:\/\/abeco.se\/en\/wp-json\/wp\/v2\/comments?post=236863"}],"version-history":[{"count":0,"href":"https:\/\/abeco.se\/en\/wp-json\/wp\/v2\/pages\/236863\/revisions"}],"wp:attachment":[{"href":"https:\/\/abeco.se\/en\/wp-json\/wp\/v2\/media?parent=236863"}],"curies":[{"name":"wp","href":"https:\/\/api.w.org\/{rel}","templated":true}]}}