{"id":236188,"date":"2021-11-16T16:22:33","date_gmt":"2021-11-16T15:22:33","guid":{"rendered":"https:\/\/abeco.se\/?page_id=236188"},"modified":"2025-03-13T08:02:08","modified_gmt":"2025-03-13T07:02:08","slug":"kok-och-bad","status":"publish","type":"page","link":"https:\/\/abeco.se\/en\/kok-och-bad\/","title":{"rendered":"Kitchen and Bath"},"content":{"rendered":"<p>[et_pb_section fb_built=&#8221;1&#8243; custom_padding_last_edited=&#8221;on|phone&#8221; _builder_version=&#8221;4.16&#8243; _module_preset=&#8221;default&#8221; background_image=&#8221;https:\/\/abeco.se\/wp-content\/uploads\/2021\/11\/skog.jpg&#8221; custom_padding=&#8221;||||false|false&#8221; custom_padding_tablet=&#8221;&#8221; custom_padding_phone=&#8221;0px||0px||false|false&#8221; global_colors_info=&#8221;{}&#8221;][et_pb_row _builder_version=&#8221;4.16&#8243; _module_preset=&#8221;default&#8221; custom_margin=&#8221;||||false|false&#8221; global_colors_info=&#8221;{}&#8221;][et_pb_column type=&#8221;4_4&#8243; _builder_version=&#8221;4.16&#8243; _module_preset=&#8221;default&#8221; global_colors_info=&#8221;{}&#8221;][et_pb_text _builder_version=&#8221;4.27.4&#8243; _module_preset=&#8221;default&#8221; header_text_color=&#8221;#FFFFFF&#8221; header_font_size=&#8221;40px&#8221; hover_enabled=&#8221;0&#8243; global_colors_info=&#8221;{}&#8221; sticky_enabled=&#8221;0&#8243;]<\/p>\n<h1 class=\"page-title\">K\u00f6k och Bad<\/h1>\n<p>[\/et_pb_text][\/et_pb_column][\/et_pb_row][\/et_pb_section][et_pb_section fb_built=&#8221;1&#8243; _builder_version=&#8221;4.16&#8243; _module_preset=&#8221;default&#8221; global_colors_info=&#8221;{}&#8221;][et_pb_row column_structure=&#8221;1_3,1_3,1_3&#8243; _builder_version=&#8221;4.16&#8243; _module_preset=&#8221;default&#8221; global_colors_info=&#8221;{}&#8221;][et_pb_column type=&#8221;1_3&#8243; _builder_version=&#8221;4.16&#8243; _module_preset=&#8221;default&#8221; global_colors_info=&#8221;{}&#8221;][et_pb_gallery gallery_ids=&#8221;236191&#8243; fullwidth=&#8221;on&#8221; _builder_version=&#8221;4.16&#8243; _module_preset=&#8221;default&#8221; title_font_size=&#8221;0px&#8221; hover_transition_duration=&#8221;0ms&#8221; hover_transition_speed_curve=&#8221;linear&#8221; border_width_all=&#8221;1px&#8221; border_color_all=&#8221;rgba(51,51,51,0.1)&#8221; locked=&#8221;off&#8221; global_colors_info=&#8221;{}&#8221;][\/et_pb_gallery][et_pb_text _builder_version=&#8221;4.16&#8243; _module_preset=&#8221;default&#8221; text_font_size=&#8221;18px&#8221; custom_margin=&#8221;0px||0px||false|false&#8221; custom_padding=&#8221;0px||10px||false|false&#8221; locked=&#8221;off&#8221; global_colors_info=&#8221;{}&#8221;]<\/p>\n<p style=\"text-align: center;\"><b>Fr\u00e4mre och bakre facklister<\/b><\/p>\n<p>[\/et_pb_text][et_pb_toggle title=&#8221;Produktinformation&#8221; open_toggle_text_color=&#8221;#0c71c3&#8243; open_toggle_background_color=&#8221;rgba(0,0,0,0)&#8221; closed_toggle_background_color=&#8221;rgba(0,0,0,0)&#8221; use_icon_font_size=&#8221;on&#8221; open_use_icon_font_size=&#8221;on&#8221; module_class=&#8221;et-readmore-toggle&#8221; _builder_version=&#8221;4.16&#8243; _module_preset=&#8221;default&#8221; custom_padding=&#8221;0px|0px|0px|0px|false|false&#8221; custom_css_main_element=&#8221;display: flex;||flex-direction: column;||align-items: center;||||||&#8221; custom_css_toggle_title=&#8221;order:2;||padding: 0px 20px 0px 0px !important;&#8221; custom_css_toggle_content=&#8221;order: 1;||padding: 0px;&#8221; border_width_all=&#8221;0px&#8221; locked=&#8221;off&#8221; global_colors_info=&#8221;{}&#8221;]<\/p>\n<p>Spikreglar, facklister, upph\u00e4ngningslister mm.<\/p>\n<p>Lister enligt kund\u00f6nskem\u00e5l p\u00e5 basis av sp\u00e5nskiva, MDF, plywood eller gran\/furu.<\/p>\n<p>Lev. med folie &#8211;\u00a0enf\u00e4rgade, med tr\u00e4struktur eller med fan\u00e9r (se\u00a0<span style=\"text-decoration: underline;\"><a href=\"https:\/\/abeco.se\/ytmaterial\/\">ytmaterial<\/a><\/span>) och kan \u00e4ven f\u00e5s kantlistade eller i rent massivtr\u00e4.<\/p>\n<p>Exempel:\u00a0Ek, furu, bj\u00f6rk, bok, k\u00f6rsb\u00e4r, l\u00f6nn, al m.fl.<\/p>\n<p>Kan levereras som standardl\u00e4ngder, exaktkapade och eventuellt borrade och pluggade med centrumtappar.<\/p>\n<p>[\/et_pb_toggle][\/et_pb_column][et_pb_column type=&#8221;1_3&#8243; _builder_version=&#8221;4.16&#8243; _module_preset=&#8221;default&#8221; global_colors_info=&#8221;{}&#8221;][et_pb_gallery gallery_ids=&#8221;236205&#8243; fullwidth=&#8221;on&#8221; _builder_version=&#8221;4.16&#8243; _module_preset=&#8221;default&#8221; title_font_size=&#8221;0px&#8221; hover_transition_duration=&#8221;0ms&#8221; hover_transition_speed_curve=&#8221;linear&#8221; border_width_all=&#8221;1px&#8221; border_color_all=&#8221;rgba(51,51,51,0.1)&#8221; global_colors_info=&#8221;{}&#8221;][\/et_pb_gallery][et_pb_text _builder_version=&#8221;4.16&#8243; _module_preset=&#8221;default&#8221; text_font_size=&#8221;18px&#8221; custom_margin=&#8221;0px||0px||false|false&#8221; custom_padding=&#8221;0px||10px||false|false&#8221; locked=&#8221;off&#8221; global_colors_info=&#8221;{}&#8221;]<\/p>\n<p style=\"text-align: center;\"><strong>Sockelsystem<\/strong><\/p>\n<p>[\/et_pb_text][et_pb_toggle title=&#8221;Produktinformation&#8221; open_toggle_text_color=&#8221;#0c71c3&#8243; open_toggle_background_color=&#8221;rgba(0,0,0,0)&#8221; closed_toggle_background_color=&#8221;rgba(0,0,0,0)&#8221; use_icon_font_size=&#8221;on&#8221; open_use_icon_font_size=&#8221;on&#8221; module_class=&#8221;et-readmore-toggle&#8221; _builder_version=&#8221;4.16&#8243; _module_preset=&#8221;default&#8221; custom_padding=&#8221;0px|0px|0px|0px|false|false&#8221; custom_css_main_element=&#8221;display: flex;||flex-direction: column;||align-items: center;||||||&#8221; custom_css_toggle_title=&#8221;order:2;||padding: 0px 20px 0px 0px !important;&#8221; custom_css_toggle_content=&#8221;order: 1;||padding: 0px;&#8221; border_width_all=&#8221;0px&#8221; locked=&#8221;off&#8221; global_colors_info=&#8221;{}&#8221;]<\/p>\n<p>Sockel till k\u00f6k och sk\u00e5p. Ommantlade med t\u00e5lig folie.<\/p>\n<p>F\u00e4rger:\u00a0Vit, gr\u00e5, brun och svart.<br \/> (se\u00a0<span style=\"text-decoration: underline;\"><a href=\"https:\/\/abeco.se\/ytmaterial\/\">ytmaterial<\/a><\/span>).<\/p>\n<p>Andra m\u00f6belfolier, enf\u00e4rgade eller tr\u00e4struktur, bok, ek m.fl.<\/p>\n<p>Fan\u00e9r: Obehandlade eller lackerade.<\/p>\n<p>Kan levereras exaktkapade, borrade, pluggade med centrumtappar, \u00e4ndkantade<\/p>\n<p>Se \u00e4ven kompletteringsprofiler.<\/p>\n<p>[\/et_pb_toggle][\/et_pb_column][et_pb_column type=&#8221;1_3&#8243; _builder_version=&#8221;4.16&#8243; _module_preset=&#8221;default&#8221; global_colors_info=&#8221;{}&#8221;][et_pb_gallery gallery_ids=&#8221;236199&#8243; fullwidth=&#8221;on&#8221; _builder_version=&#8221;4.16&#8243; _module_preset=&#8221;default&#8221; title_font_size=&#8221;0px&#8221; hover_transition_duration=&#8221;0ms&#8221; hover_transition_speed_curve=&#8221;linear&#8221; border_width_all=&#8221;1px&#8221; border_color_all=&#8221;rgba(51,51,51,0.1)&#8221; global_colors_info=&#8221;{}&#8221;][\/et_pb_gallery][et_pb_text _builder_version=&#8221;4.16&#8243; _module_preset=&#8221;default&#8221; text_font_size=&#8221;18px&#8221; custom_margin=&#8221;0px||0px||false|false&#8221; custom_padding=&#8221;0px||10px||false|false&#8221; locked=&#8221;off&#8221; global_colors_info=&#8221;{}&#8221;]<\/p>\n<p style=\"text-align: center;\"><strong>Kr\u00f6nlist<\/strong><\/p>\n<p>[\/et_pb_text][et_pb_toggle title=&#8221;Produktinformation&#8221; open_toggle_text_color=&#8221;#0c71c3&#8243; open_toggle_background_color=&#8221;rgba(0,0,0,0)&#8221; closed_toggle_background_color=&#8221;rgba(0,0,0,0)&#8221; use_icon_font_size=&#8221;on&#8221; open_use_icon_font_size=&#8221;on&#8221; module_class=&#8221;et-readmore-toggle&#8221; _builder_version=&#8221;4.16&#8243; _module_preset=&#8221;default&#8221; custom_padding=&#8221;0px|0px|0px|0px|false|false&#8221; custom_css_main_element=&#8221;display: flex;||flex-direction: column;||align-items: center;||||||&#8221; custom_css_toggle_title=&#8221;order:2;||padding: 0px 20px 0px 0px !important;&#8221; custom_css_toggle_content=&#8221;order: 1;||padding: 0px;&#8221; border_width_all=&#8221;0px&#8221; locked=&#8221;off&#8221; global_colors_info=&#8221;{}&#8221;]<\/p>\n<p>Detta \u00e4r v\u00e5r standardprofil av kr\u00f6nlist.<\/p>\n<p>Levereras\u00a0med folie eller fan\u00e9r (se\u00a0<span style=\"text-decoration: underline;\"><a href=\"https:\/\/abeco.se\/ytmaterial\/\">ytmaterial<\/a><\/span>).<\/p>\n<p>Exempel:\u00a0Ek, furu, bj\u00f6rk, bok, k\u00f6rsb\u00e4r, l\u00f6nn, al m.fl.\u00a0<\/p>\n<p>Andra profiler efter kund\u00f6nskem\u00e5l.<\/p>\n<p>[\/et_pb_toggle][\/et_pb_column][\/et_pb_row][et_pb_row column_structure=&#8221;1_3,1_3,1_3&#8243; _builder_version=&#8221;4.16&#8243; _module_preset=&#8221;default&#8221; global_colors_info=&#8221;{}&#8221;][et_pb_column type=&#8221;1_3&#8243; _builder_version=&#8221;4.16&#8243; _module_preset=&#8221;default&#8221; global_colors_info=&#8221;{}&#8221;][et_pb_gallery gallery_ids=&#8221;236202&#8243; fullwidth=&#8221;on&#8221; _builder_version=&#8221;4.16&#8243; _module_preset=&#8221;default&#8221; title_font_size=&#8221;0px&#8221; hover_transition_duration=&#8221;0ms&#8221; hover_transition_speed_curve=&#8221;linear&#8221; border_width_all=&#8221;1px&#8221; border_color_all=&#8221;rgba(51,51,51,0.1)&#8221; locked=&#8221;off&#8221; global_colors_info=&#8221;{}&#8221;][\/et_pb_gallery][et_pb_text _builder_version=&#8221;4.16&#8243; _module_preset=&#8221;default&#8221; text_font_size=&#8221;18px&#8221; custom_margin=&#8221;0px||0px||false|false&#8221; custom_padding=&#8221;0px||10px||false|false&#8221; locked=&#8221;off&#8221; global_colors_info=&#8221;{}&#8221;]<\/p>\n<p style=\"text-align: center;\"><strong>Ljusramplist<\/strong><\/p>\n<p>[\/et_pb_text][et_pb_toggle title=&#8221;Produktinformation&#8221; open_toggle_text_color=&#8221;#0c71c3&#8243; open_toggle_background_color=&#8221;rgba(0,0,0,0)&#8221; closed_toggle_background_color=&#8221;rgba(0,0,0,0)&#8221; use_icon_font_size=&#8221;on&#8221; open_use_icon_font_size=&#8221;on&#8221; module_class=&#8221;et-readmore-toggle&#8221; _builder_version=&#8221;4.16&#8243; _module_preset=&#8221;default&#8221; custom_padding=&#8221;0px|0px|0px|0px|false|false&#8221; custom_css_main_element=&#8221;display: flex;||flex-direction: column;||align-items: center;||||||&#8221; custom_css_toggle_title=&#8221;order:2;||padding: 0px 20px 0px 0px !important;&#8221; custom_css_toggle_content=&#8221;order: 1;||padding: 0px;&#8221; border_width_all=&#8221;0px&#8221; locked=&#8221;off&#8221; global_colors_info=&#8221;{}&#8221;]<\/p>\n<p>Detta \u00e4r v\u00e5r standardprofil av Ljusramplist.<\/p>\n<p>Levereras\u00a0med folie eller fan\u00e9r\u00a0(se <span style=\"text-decoration: underline;\"><a href=\"https:\/\/abeco.se\/ytmaterial\/\">ytmaterial<\/a><\/span>).<\/p>\n<p>Exempel:\u00a0Ek, furu, bj\u00f6rk, bok, k\u00f6rsb\u00e4r, l\u00f6nn, al m.fl.<\/p>\n<p>Andra profiler efter kund\u00f6nskem\u00e5l.<\/p>\n<p>[\/et_pb_toggle][\/et_pb_column][et_pb_column type=&#8221;1_3&#8243; _builder_version=&#8221;4.16&#8243; _module_preset=&#8221;default&#8221; global_colors_info=&#8221;{}&#8221;][et_pb_gallery gallery_ids=&#8221;236204&#8243; fullwidth=&#8221;on&#8221; _builder_version=&#8221;4.16&#8243; _module_preset=&#8221;default&#8221; title_font_size=&#8221;0px&#8221; hover_transition_duration=&#8221;0ms&#8221; hover_transition_speed_curve=&#8221;linear&#8221; border_width_all=&#8221;1px&#8221; border_color_all=&#8221;rgba(51,51,51,0.1)&#8221; locked=&#8221;off&#8221; global_colors_info=&#8221;{}&#8221;][\/et_pb_gallery][et_pb_text _builder_version=&#8221;4.16&#8243; _module_preset=&#8221;default&#8221; text_font_size=&#8221;18px&#8221; custom_margin=&#8221;0px||0px||false|false&#8221; custom_padding=&#8221;0px||10px||false|false&#8221; locked=&#8221;off&#8221; global_colors_info=&#8221;{}&#8221;]<\/p>\n<p style=\"text-align: center;\"><strong>Monterings-\/Inf\u00e4stningslist<\/strong><\/p>\n<p>[\/et_pb_text][et_pb_toggle title=&#8221;Produktinformation&#8221; open_toggle_text_color=&#8221;#0c71c3&#8243; open_toggle_background_color=&#8221;rgba(0,0,0,0)&#8221; closed_toggle_background_color=&#8221;rgba(0,0,0,0)&#8221; use_icon_font_size=&#8221;on&#8221; open_use_icon_font_size=&#8221;on&#8221; module_class=&#8221;et-readmore-toggle&#8221; _builder_version=&#8221;4.16&#8243; _module_preset=&#8221;default&#8221; custom_padding=&#8221;0px|0px|0px|0px|false|false&#8221; custom_css_main_element=&#8221;display: flex;||flex-direction: column;||align-items: center;||||||&#8221; custom_css_toggle_title=&#8221;order:2;||padding: 0px 20px 0px 0px !important;&#8221; custom_css_toggle_content=&#8221;order: 1;||padding: 0px;&#8221; border_width_all=&#8221;0px&#8221; locked=&#8221;off&#8221; global_colors_info=&#8221;{}&#8221;]<\/p>\n<p>Lister enligt kund\u00f6nskem\u00e5l p\u00e5 basis av sp\u00e5nskiva, MDF, plywood eller gran.<\/p>\n<p>Levereras\u00a0med eller utan bel\u00e4ggning av folier\/fan\u00e9r\u00a0(se\u00a0<span style=\"text-decoration: underline;\"><a href=\"https:\/\/abeco.se\/ytmaterial\/\">ytmaterial<\/a><\/span>).<\/p>\n<p>Exempel:\u00a0Ek, furu, bj\u00f6rk, bok, k\u00f6rsb\u00e4r, l\u00f6nn, al m.fl.<\/p>\n<p>Levereras som standardl\u00e4ngder, exaktkapade eventuellt borrade och pluggade med centrumtappar.<\/p>\n<p><em><\/em><\/p>\n<p>[\/et_pb_toggle][\/et_pb_column][et_pb_column type=&#8221;1_3&#8243; _builder_version=&#8221;4.16&#8243; _module_preset=&#8221;default&#8221; global_colors_info=&#8221;{}&#8221;][et_pb_gallery gallery_ids=&#8221;236213,236212,236210,236214,236215,236211,236216&#8243; fullwidth=&#8221;on&#8221; _builder_version=&#8221;4.16&#8243; _module_preset=&#8221;default&#8221; title_font_size=&#8221;0px&#8221; hover_transition_duration=&#8221;0ms&#8221; hover_transition_speed_curve=&#8221;linear&#8221; border_width_all=&#8221;1px&#8221; border_color_all=&#8221;rgba(51,51,51,0.1)&#8221; locked=&#8221;off&#8221; global_colors_info=&#8221;{}&#8221;][\/et_pb_gallery][et_pb_text _builder_version=&#8221;4.16&#8243; _module_preset=&#8221;default&#8221; text_font_size=&#8221;18px&#8221; custom_margin=&#8221;0px||0px||false|false&#8221; custom_padding=&#8221;0px||10px||false|false&#8221; locked=&#8221;off&#8221; global_colors_info=&#8221;{}&#8221;]<\/p>\n<p style=\"text-align: center;\"><strong>Exempel p\u00e5 kundprofiler<\/strong><\/p>\n<p>[\/et_pb_text][et_pb_toggle title=&#8221;Produktinformation&#8221; open_toggle_text_color=&#8221;#0c71c3&#8243; open_toggle_background_color=&#8221;rgba(0,0,0,0)&#8221; closed_toggle_background_color=&#8221;rgba(0,0,0,0)&#8221; use_icon_font_size=&#8221;on&#8221; open_use_icon_font_size=&#8221;on&#8221; module_class=&#8221;et-readmore-toggle&#8221; _builder_version=&#8221;4.16&#8243; _module_preset=&#8221;default&#8221; custom_padding=&#8221;0px|0px|0px|0px|false|false&#8221; custom_css_main_element=&#8221;display: flex;||flex-direction: column;||align-items: center;||||||&#8221; custom_css_toggle_title=&#8221;order:2;||padding: 0px 20px 0px 0px !important;&#8221; custom_css_toggle_content=&#8221;order: 1;||padding: 0px;&#8221; border_width_all=&#8221;0px&#8221; locked=&#8221;off&#8221; global_colors_info=&#8221;{}&#8221;]<\/p>\n<p>Finns i l\u00e4ngderna 2200, 2440, 2800, 3050, 3660 mm<\/p>\n<p>Belagd med ett flertal vita*, olika kul\u00f6rer, tr\u00e4strukturfolie\u00a0och fan\u00e9r.<\/p>\n<p>Exempelvis bok, ek, bj\u00f6rk, k\u00f6rsb\u00e4r, furu, l\u00f6nn m.m. (se <span style=\"text-decoration: underline;\"><a href=\"https:\/\/abeco.se\/ytmaterial\/\">ytmaterial<\/a><\/span><a href=\"https:\/\/www.abeco.se\/sv\/ytmaterial\"><\/a>)\u00a0eller grundfolie f\u00f6r m\u00e5lning.<\/p>\n<p><strong>Massivtr\u00e4<\/strong><\/p>\n<p>Skugglist furu vitm\u00e5lad: 21&#215;43 mm, l\u00e4ngd 3300, 4200 mm<\/p>\n<p>H\u00e5lk\u00e4l furu vitm\u00e5lad: 15&#215;43 mm, l\u00e4ngd 3300, 4200 mm<\/p>\n<p>F\u00f6r andra dimensioner och l\u00e4ngder,\u00a0kontakta oss g\u00e4rna f\u00f6r mer information.<\/p>\n<p><em>* Vit som st\u00e4mmer \u00f6verens med byggbranschens.<\/em><\/p>\n<p>[\/et_pb_toggle][\/et_pb_column][\/et_pb_row][et_pb_row column_structure=&#8221;1_3,1_3,1_3&#8243; _builder_version=&#8221;4.16&#8243; _module_preset=&#8221;default&#8221; global_colors_info=&#8221;{}&#8221;][et_pb_column type=&#8221;1_3&#8243; _builder_version=&#8221;4.16&#8243; _module_preset=&#8221;default&#8221; global_colors_info=&#8221;{}&#8221;][et_pb_gallery gallery_ids=&#8221;236516,236195,236196&#8243; fullwidth=&#8221;on&#8221; _builder_version=&#8221;4.16&#8243; _module_preset=&#8221;default&#8221; title_font_size=&#8221;0px&#8221; hover_transition_duration=&#8221;0ms&#8221; hover_transition_speed_curve=&#8221;linear&#8221; border_width_all=&#8221;1px&#8221; border_color_all=&#8221;rgba(51,51,51,0.1)&#8221; locked=&#8221;off&#8221; global_colors_info=&#8221;{}&#8221;][\/et_pb_gallery][et_pb_text _builder_version=&#8221;4.16&#8243; _module_preset=&#8221;default&#8221; text_font_size=&#8221;18px&#8221; custom_margin=&#8221;0px||0px||false|false&#8221; custom_padding=&#8221;0px||10px||false|false&#8221; locked=&#8221;off&#8221; global_colors_info=&#8221;{}&#8221;]<\/p>\n<p style=\"text-align: center;\"><strong>Kakellister<\/strong><\/p>\n<p>[\/et_pb_text][et_pb_toggle title=&#8221;Produktinformation&#8221; open_toggle_text_color=&#8221;#0c71c3&#8243; open_toggle_background_color=&#8221;rgba(0,0,0,0)&#8221; closed_toggle_background_color=&#8221;rgba(0,0,0,0)&#8221; use_icon_font_size=&#8221;on&#8221; open_use_icon_font_size=&#8221;on&#8221; module_class=&#8221;et-readmore-toggle&#8221; _builder_version=&#8221;4.16&#8243; _module_preset=&#8221;default&#8221; custom_padding=&#8221;0px|0px|0px|0px|false|false&#8221; custom_css_main_element=&#8221;display: flex;||flex-direction: column;||align-items: center;||||||&#8221; custom_css_toggle_title=&#8221;order:2;||padding: 0px 20px 0px 0px !important;&#8221; custom_css_toggle_content=&#8221;order: 1;||padding: 0px;&#8221; border_width_all=&#8221;0px&#8221; locked=&#8221;off&#8221; global_colors_info=&#8221;{}&#8221;]<\/p>\n<p>Standardm\u00e5tt:<\/p>\n<p>15 x 55 x 2400 mm<\/p>\n<p>15 x 70 x 2400 mm<\/p>\n<p>15 x 105 x 2400 mm<\/p>\n<p>15 x 125 x 2400 mm<\/p>\n<p>Andra dimensioner efter \u00f6nskem\u00e5l.<\/p>\n<p>Levereras\u00a0med folie eller fan\u00e9r\u00a0(se <span style=\"text-decoration: underline;\"><a href=\"https:\/\/abeco.se\/ytmaterial\/\">ytmaterial<\/a><\/span>).<\/p>\n<p>Exempel: Vit, ek, furu, bj\u00f6rk, bok,<br \/> k\u00f6rsb\u00e4r, l\u00f6nn, al m.fl.<\/p>\n<p>[\/et_pb_toggle][\/et_pb_column][et_pb_column type=&#8221;1_3&#8243; _builder_version=&#8221;4.16&#8243; _module_preset=&#8221;default&#8221; global_colors_info=&#8221;{}&#8221;][et_pb_gallery gallery_ids=&#8221;236209&#8243; fullwidth=&#8221;on&#8221; _builder_version=&#8221;4.16&#8243; _module_preset=&#8221;default&#8221; title_font_size=&#8221;0px&#8221; hover_transition_duration=&#8221;0ms&#8221; hover_transition_speed_curve=&#8221;linear&#8221; border_width_all=&#8221;1px&#8221; border_color_all=&#8221;rgba(51,51,51,0.1)&#8221; locked=&#8221;off&#8221; global_colors_info=&#8221;{}&#8221;][\/et_pb_gallery][et_pb_text _builder_version=&#8221;4.16&#8243; _module_preset=&#8221;default&#8221; text_font_size=&#8221;18px&#8221; custom_margin=&#8221;0px||0px||false|false&#8221; custom_padding=&#8221;0px||10px||false|false&#8221; locked=&#8221;off&#8221; global_colors_info=&#8221;{}&#8221;]<\/p>\n<p style=\"text-align: center;\"><strong>Kompletteringsprofiler<\/strong><\/p>\n<p>[\/et_pb_text][et_pb_toggle title=&#8221;Produktinformation&#8221; open_toggle_text_color=&#8221;#0c71c3&#8243; open_toggle_background_color=&#8221;rgba(0,0,0,0)&#8221; closed_toggle_background_color=&#8221;rgba(0,0,0,0)&#8221; use_icon_font_size=&#8221;on&#8221; open_use_icon_font_size=&#8221;on&#8221; module_class=&#8221;et-readmore-toggle&#8221; _builder_version=&#8221;4.16&#8243; _module_preset=&#8221;default&#8221; custom_padding=&#8221;0px|0px|0px|0px|false|false&#8221; custom_css_main_element=&#8221;display: flex;||flex-direction: column;||align-items: center;||||||&#8221; custom_css_toggle_title=&#8221;order:2;||padding: 0px 20px 0px 0px !important;&#8221; custom_css_toggle_content=&#8221;order: 1;||padding: 0px;&#8221; border_width_all=&#8221;0px&#8221; locked=&#8221;off&#8221; global_colors_info=&#8221;{}&#8221;]<\/p>\n<p>H\u00f6rn och skarvprofiler f\u00f6r socklar, \u00e4ven 135\u00b0<\/p>\n<p>[\/et_pb_toggle][\/et_pb_column][et_pb_column type=&#8221;1_3&#8243; _builder_version=&#8221;4.16&#8243; _module_preset=&#8221;default&#8221; global_colors_info=&#8221;{}&#8221;][\/et_pb_column][\/et_pb_row][\/et_pb_section]<\/p>\n","protected":false},"excerpt":{"rendered":"<p>K\u00f6k och BadFr\u00e4mre och bakre facklisterSpikreglar, facklister, upph\u00e4ngningslister mm. Lister enligt kund\u00f6nskem\u00e5l p\u00e5 basis av sp\u00e5nskiva, MDF, plywood eller gran\/furu. Lev. med folie &#8211;\u00a0enf\u00e4rgade, med tr\u00e4struktur eller med fan\u00e9r (se\u00a0ytmaterial) och kan \u00e4ven f\u00e5s kantlistade eller i rent massivtr\u00e4. Exempel:\u00a0Ek, furu, bj\u00f6rk, bok, k\u00f6rsb\u00e4r, l\u00f6nn, al m.fl. Kan levereras som standardl\u00e4ngder, exaktkapade och eventuellt borrade [&hellip;]<\/p>\n","protected":false},"author":1,"featured_media":0,"parent":0,"menu_order":0,"comment_status":"closed","ping_status":"closed","template":"","meta":{"_et_pb_use_builder":"on","_et_pb_old_content":"","_et_gb_content_width":"","footnotes":""},"class_list":["post-236188","page","type-page","status-publish","hentry"],"yoast_head":"<!-- This site is optimized with the Yoast SEO Premium plugin v20.8 (Yoast SEO v27.1.1) - https:\/\/yoast.com\/product\/yoast-seo-premium-wordpress\/ -->\n<title>K\u00f6k och Bad - abeco<\/title>\n<meta name=\"robots\" content=\"index, follow, max-snippet:-1, max-image-preview:large, max-video-preview:-1\" \/>\n<link rel=\"canonical\" href=\"https:\/\/abeco.se\/en\/kok-och-bad\/\" \/>\n<meta property=\"og:locale\" content=\"en_GB\" \/>\n<meta property=\"og:type\" content=\"article\" \/>\n<meta property=\"og:title\" content=\"K\u00f6k och Bad\" \/>\n<meta property=\"og:description\" content=\"K\u00f6k och BadFr\u00e4mre och bakre facklisterSpikreglar, facklister, upph\u00e4ngningslister mm. Lister enligt kund\u00f6nskem\u00e5l p\u00e5 basis av sp\u00e5nskiva, MDF, plywood eller gran\/furu. Lev. med folie -\u00a0enf\u00e4rgade, med tr\u00e4struktur eller med fan\u00e9r (se\u00a0ytmaterial) och kan \u00e4ven f\u00e5s kantlistade eller i rent massivtr\u00e4. Exempel:\u00a0Ek, furu, bj\u00f6rk, bok, k\u00f6rsb\u00e4r, l\u00f6nn, al m.fl. Kan levereras som standardl\u00e4ngder, exaktkapade och eventuellt borrade [&hellip;]\" \/>\n<meta property=\"og:url\" content=\"https:\/\/abeco.se\/en\/kok-och-bad\/\" \/>\n<meta property=\"og:site_name\" content=\"abeco\" \/>\n<meta property=\"article:modified_time\" content=\"2025-03-13T07:02:08+00:00\" \/>\n<meta name=\"twitter:card\" content=\"summary_large_image\" \/>\n<meta name=\"twitter:label1\" content=\"Estimated reading time\" \/>\n\t<meta name=\"twitter:data1\" content=\"4 minutes\" \/>\n<script type=\"application\/ld+json\" class=\"yoast-schema-graph\">{\"@context\":\"https:\/\/schema.org\",\"@graph\":[{\"@type\":\"WebPage\",\"@id\":\"https:\/\/abeco.se\/kok-och-bad\/\",\"url\":\"https:\/\/abeco.se\/kok-och-bad\/\",\"name\":\"K\u00f6k och Bad - abeco\",\"isPartOf\":{\"@id\":\"https:\/\/abeco.se\/#website\"},\"datePublished\":\"2021-11-16T15:22:33+00:00\",\"dateModified\":\"2025-03-13T07:02:08+00:00\",\"breadcrumb\":{\"@id\":\"https:\/\/abeco.se\/kok-och-bad\/#breadcrumb\"},\"inLanguage\":\"en-GB\",\"potentialAction\":[{\"@type\":\"ReadAction\",\"target\":[\"https:\/\/abeco.se\/kok-och-bad\/\"]}]},{\"@type\":\"BreadcrumbList\",\"@id\":\"https:\/\/abeco.se\/kok-och-bad\/#breadcrumb\",\"itemListElement\":[{\"@type\":\"ListItem\",\"position\":1,\"name\":\"Home\",\"item\":\"https:\/\/abeco.se\/\"},{\"@type\":\"ListItem\",\"position\":2,\"name\":\"K\u00f6k och Bad\"}]},{\"@type\":\"WebSite\",\"@id\":\"https:\/\/abeco.se\/#website\",\"url\":\"https:\/\/abeco.se\/\",\"name\":\"abeco\",\"description\":\"\",\"potentialAction\":[{\"@type\":\"SearchAction\",\"target\":{\"@type\":\"EntryPoint\",\"urlTemplate\":\"https:\/\/abeco.se\/?s={search_term_string}\"},\"query-input\":{\"@type\":\"PropertyValueSpecification\",\"valueRequired\":true,\"valueName\":\"search_term_string\"}}],\"inLanguage\":\"en-GB\"}]}<\/script>\n<!-- \/ Yoast SEO Premium plugin. -->","yoast_head_json":{"title":"K\u00f6k och Bad - abeco","robots":{"index":"index","follow":"follow","max-snippet":"max-snippet:-1","max-image-preview":"max-image-preview:large","max-video-preview":"max-video-preview:-1"},"canonical":"https:\/\/abeco.se\/en\/kok-och-bad\/","og_locale":"en_GB","og_type":"article","og_title":"K\u00f6k och Bad","og_description":"K\u00f6k och BadFr\u00e4mre och bakre facklisterSpikreglar, facklister, upph\u00e4ngningslister mm. Lister enligt kund\u00f6nskem\u00e5l p\u00e5 basis av sp\u00e5nskiva, MDF, plywood eller gran\/furu. Lev. med folie -\u00a0enf\u00e4rgade, med tr\u00e4struktur eller med fan\u00e9r (se\u00a0ytmaterial) och kan \u00e4ven f\u00e5s kantlistade eller i rent massivtr\u00e4. Exempel:\u00a0Ek, furu, bj\u00f6rk, bok, k\u00f6rsb\u00e4r, l\u00f6nn, al m.fl. Kan levereras som standardl\u00e4ngder, exaktkapade och eventuellt borrade [&hellip;]","og_url":"https:\/\/abeco.se\/en\/kok-och-bad\/","og_site_name":"abeco","article_modified_time":"2025-03-13T07:02:08+00:00","twitter_card":"summary_large_image","twitter_misc":{"Estimated reading time":"4 minutes"},"schema":{"@context":"https:\/\/schema.org","@graph":[{"@type":"WebPage","@id":"https:\/\/abeco.se\/kok-och-bad\/","url":"https:\/\/abeco.se\/kok-och-bad\/","name":"K\u00f6k och Bad - abeco","isPartOf":{"@id":"https:\/\/abeco.se\/#website"},"datePublished":"2021-11-16T15:22:33+00:00","dateModified":"2025-03-13T07:02:08+00:00","breadcrumb":{"@id":"https:\/\/abeco.se\/kok-och-bad\/#breadcrumb"},"inLanguage":"en-GB","potentialAction":[{"@type":"ReadAction","target":["https:\/\/abeco.se\/kok-och-bad\/"]}]},{"@type":"BreadcrumbList","@id":"https:\/\/abeco.se\/kok-och-bad\/#breadcrumb","itemListElement":[{"@type":"ListItem","position":1,"name":"Home","item":"https:\/\/abeco.se\/"},{"@type":"ListItem","position":2,"name":"K\u00f6k och Bad"}]},{"@type":"WebSite","@id":"https:\/\/abeco.se\/#website","url":"https:\/\/abeco.se\/","name":"abeco","description":"","potentialAction":[{"@type":"SearchAction","target":{"@type":"EntryPoint","urlTemplate":"https:\/\/abeco.se\/?s={search_term_string}"},"query-input":{"@type":"PropertyValueSpecification","valueRequired":true,"valueName":"search_term_string"}}],"inLanguage":"en-GB"}]}},"_links":{"self":[{"href":"https:\/\/abeco.se\/en\/wp-json\/wp\/v2\/pages\/236188","targetHints":{"allow":["GET"]}}],"collection":[{"href":"https:\/\/abeco.se\/en\/wp-json\/wp\/v2\/pages"}],"about":[{"href":"https:\/\/abeco.se\/en\/wp-json\/wp\/v2\/types\/page"}],"author":[{"embeddable":true,"href":"https:\/\/abeco.se\/en\/wp-json\/wp\/v2\/users\/1"}],"replies":[{"embeddable":true,"href":"https:\/\/abeco.se\/en\/wp-json\/wp\/v2\/comments?post=236188"}],"version-history":[{"count":0,"href":"https:\/\/abeco.se\/en\/wp-json\/wp\/v2\/pages\/236188\/revisions"}],"wp:attachment":[{"href":"https:\/\/abeco.se\/en\/wp-json\/wp\/v2\/media?parent=236188"}],"curies":[{"name":"wp","href":"https:\/\/api.w.org\/{rel}","templated":true}]}}