{"id":237061,"date":"2025-04-10T14:30:07","date_gmt":"2025-04-10T12:30:07","guid":{"rendered":"https:\/\/abeco.se\/?page_id=237061"},"modified":"2025-04-14T07:25:08","modified_gmt":"2025-04-14T05:25:08","slug":"vaggloss","status":"publish","type":"page","link":"https:\/\/abeco.se\/de\/vaggloss\/","title":{"rendered":"V\u00e4ggl\u00f6ss"},"content":{"rendered":"<p>[et_pb_section fb_built=&#8221;1&#8243; custom_padding_last_edited=&#8221;on|phone&#8221; _builder_version=&#8221;4.16&#8243; _module_preset=&#8221;default&#8221; background_image=&#8221;https:\/\/abeco.se\/wp-content\/uploads\/2021\/11\/skog.jpg&#8221; custom_padding_tablet=&#8221;&#8221; custom_padding_phone=&#8221;0px||0px||false|false&#8221; locked=&#8221;off&#8221; global_colors_info=&#8221;{}&#8221;][et_pb_row _builder_version=&#8221;4.17.4&#8243; _module_preset=&#8221;default&#8221; custom_margin=&#8221;||||false|false&#8221; global_colors_info=&#8221;{}&#8221;][et_pb_column type=&#8221;4_4&#8243; _builder_version=&#8221;4.16&#8243; _module_preset=&#8221;default&#8221; global_colors_info=&#8221;{}&#8221;][et_pb_text _builder_version=&#8221;4.27.4&#8243; _module_preset=&#8221;default&#8221; header_text_color=&#8221;#FFFFFF&#8221; header_font_size=&#8221;40px&#8221; global_colors_info=&#8221;{}&#8221;]<\/p>\n<h1 class=\"page-title\">V\u00e4ggl\u00f6ss<\/h1>\n<p>[\/et_pb_text][\/et_pb_column][\/et_pb_row][\/et_pb_section][et_pb_section fb_built=&#8221;1&#8243; custom_padding_last_edited=&#8221;on|phone&#8221; _builder_version=&#8221;4.27.4&#8243; _module_preset=&#8221;default&#8221; custom_padding=&#8221;80px|50px|80px|50px|true|true&#8221; custom_padding_tablet=&#8221;60px|30px|60px|30px|true|true&#8221; custom_padding_phone=&#8221;40px|20px|40px|20px|true|true&#8221; global_colors_info=&#8221;{}&#8221;][et_pb_row column_structure=&#8221;1_2,1_2&#8243; module_class=&#8221;split-section  split-content-align-center pr-0 reverse contain&#8221; _builder_version=&#8221;4.27.4&#8243; _module_preset=&#8221;default&#8221; width=&#8221;100%&#8221; max_width=&#8221;1200px&#8221; global_colors_info=&#8221;{}&#8221;][et_pb_column type=&#8221;1_2&#8243; _builder_version=&#8221;4.17.4&#8243; _module_preset=&#8221;default&#8221; global_colors_info=&#8221;{}&#8221;][et_pb_image src=&#8221;https:\/\/abeco.se\/wp-content\/uploads\/2025\/04\/vaggloss.jpg&#8221; title_text=&#8221;vaggloss&#8221; _builder_version=&#8221;4.27.4&#8243; _module_preset=&#8221;default&#8221; global_colors_info=&#8221;{}&#8221;][\/et_pb_image][\/et_pb_column][et_pb_column type=&#8221;1_2&#8243; _builder_version=&#8221;4.17.4&#8243; _module_preset=&#8221;default&#8221; global_colors_info=&#8221;{}&#8221;][et_pb_text _builder_version=&#8221;4.27.4&#8243; _module_preset=&#8221;default&#8221; global_colors_info=&#8221;{}&#8221;]<\/p>\n<h2>Allt du beh\u00f6ver veta om v\u00e4ggl\u00f6ss<\/h2>\n<p>V\u00e4ggl\u00f6ss \u00e4r sm\u00e5, platta insekter som livn\u00e4r sig p\u00e5 blod och framf\u00f6r allt gillar att h\u00e5lla till och g\u00f6mma sig n\u00e4ra d\u00e4r m\u00e4nniskor sover \u2013 i s\u00e4ngar, m\u00f6bler, lister eller sprickor i v\u00e4ggar. De \u00e4r inte farliga men kan orsaka stora besv\u00e4r i form av kl\u00e5da, oro och s\u00f6mnproblem.<\/p>\n<p>V\u00e4ggl\u00f6ss sprider sig snabbt och kan vara sv\u00e5ra att bli av med utan professionell hj\u00e4lp. I flerbostadshus \u00e4r risken s\u00e4rskilt stor att de sprids mellan l\u00e4genheter. F\u00f6r dig som \u00e4r fastighets\u00e4gare \u00e4r det d\u00e4rf\u00f6r viktigt att arbeta f\u00f6rebyggande och reagera snabbt vid misst\u00e4nkt angrepp. Tidig uppt\u00e4ckt \u00e4r avg\u00f6rande f\u00f6r att undvika spridning, omfattande sanering och on\u00f6diga kostnader. V\u00e4ggl\u00f6ss f\u00f6rekommer i alla typer av bost\u00e4der \u2013 \u00e4ven i rena och v\u00e4lsk\u00f6tta hem \u2013 och det \u00e4r viktigt att k\u00e4nna till b\u00e5de tecken och \u00e5tg\u00e4rder.<\/p>\n<p><strong>P\u00e5 bilden kan man se hur v\u00e4ggl\u00f6ss ser ut och dess livscykel.<\/strong><\/p>\n<p>[\/et_pb_text][\/et_pb_column][\/et_pb_row][\/et_pb_section][et_pb_section fb_built=&#8221;1&#8243; custom_padding_last_edited=&#8221;on|phone&#8221; _builder_version=&#8221;4.17.4&#8243; _module_preset=&#8221;default&#8221; background_color=&#8221;gcid-d2fbb699-feee-4a1b-8c07-f7d89c576283&#8243; custom_padding=&#8221;80px|50px|80px|50px|true|true&#8221; custom_padding_tablet=&#8221;60px|30px|60px|30px|true|true&#8221; custom_padding_phone=&#8221;40px|20px|40px|20px|true|true&#8221; global_colors_info=&#8221;{%22gcid-d2fbb699-feee-4a1b-8c07-f7d89c576283%22:%91%22background_color%22%93}&#8221;][et_pb_row column_structure=&#8221;1_2,1_2&#8243; _builder_version=&#8221;4.27.4&#8243; _module_preset=&#8221;default&#8221; width=&#8221;100%&#8221; max_width=&#8221;1200px&#8221; global_colors_info=&#8221;{}&#8221;][et_pb_column type=&#8221;1_2&#8243; _builder_version=&#8221;4.27.4&#8243; _module_preset=&#8221;default&#8221; global_colors_info=&#8221;{}&#8221;][et_pb_text _builder_version=&#8221;4.27.4&#8243; _module_preset=&#8221;default&#8221; global_colors_info=&#8221;{}&#8221;]<\/p>\n<h2 class=\"small-title\">Hur vet jag om jag har v\u00e4ggl\u00f6ss?<\/h2>\n<p>Typiska tecken p\u00e5 att du har drabbats av v\u00e4ggl\u00f6ss \u00e4r att du f\u00e5r sm\u00e5, kliande bett \u2013 ofta i rader \u2013 samt blodfl\u00e4ckar eller svarta prickar p\u00e5 lakan och madrass. Man kan ocks\u00e5 hitta levande v\u00e4ggl\u00f6ss eller tomma skal i s\u00e4ngens veck och skarvar. V\u00e4ggl\u00f6ss \u00e4r ljusskygga och visar sig oftast nattetid. Vid misstanke \u00e4r det viktigt att du agerar skyndsamt, och kontaktar ett saneringsf\u00f6retag f\u00f6r inspektion.<\/p>\n<h2 class=\"small-title\">Hur f\u00e5r man v\u00e4ggl\u00f6ss? <\/h2>\n<p>V\u00e4ggl\u00f6ss f\u00f6ljer oftast med resv\u00e4skor, begagnade m\u00f6bler eller via sprickor mellan l\u00e4genheter. De kan \u00e4ven spridas i gemensamma utrymmen som tv\u00e4ttstugor. Att f\u00e5 v\u00e4ggl\u00f6ss har inget med hygien att g\u00f6ra \u2013 de s\u00f6ker sig helt enkelt till platser d\u00e4r m\u00e4nniskor sover. Ett enda \u00e4gg kan r\u00e4cka f\u00f6r att starta ett angrepp. [\/et_pb_text][\/et_pb_column][et_pb_column type=&#8221;1_2&#8243; _builder_version=&#8221;4.17.4&#8243; _module_preset=&#8221;default&#8221; global_colors_info=&#8221;{}&#8221;][et_pb_text _builder_version=&#8221;4.27.4&#8243; _module_preset=&#8221;default&#8221; global_colors_info=&#8221;{}&#8221;]<\/p>\n<h2>Hur blir man av med v\u00e4ggl\u00f6ss?<\/h2>\n<p>Att sj\u00e4lv f\u00f6rs\u00f6ka bek\u00e4mpa v\u00e4ggl\u00f6ss \u00e4r tyv\u00e4rr s\u00e4llan effektivt. Kontakta alltid ett professionellt saneringsf\u00f6retag vid misstanke eller bekr\u00e4ftad f\u00f6rekomst. Saneringen kan innefatta b\u00e5de v\u00e4rmebehandling och bek\u00e4mpningsmedel. Det \u00e4r viktigt att boende f\u00f6ljer instruktioner noggrant f\u00f6r att behandlingen ska lyckas. Kom ih\u00e5g att tidiga \u00e5tg\u00e4rder minskar risken f\u00f6r spridning. [\/et_pb_text][\/et_pb_column][\/et_pb_row][\/et_pb_section][et_pb_section fb_built=&#8221;1&#8243; custom_padding_last_edited=&#8221;on|phone&#8221; _builder_version=&#8221;4.27.4&#8243; _module_preset=&#8221;default&#8221; custom_padding=&#8221;80px|50px|80px|50px|true|true&#8221; custom_padding_tablet=&#8221;60px|30px|60px|30px|true|true&#8221; custom_padding_phone=&#8221;40px|20px|40px|20px|true|true&#8221; global_colors_info=&#8221;{}&#8221;][et_pb_row _builder_version=&#8221;4.27.4&#8243; _module_preset=&#8221;default&#8221; width=&#8221;100%&#8221; max_width=&#8221;1000px&#8221; custom_padding=&#8221;0px||||false|false&#8221; locked=&#8221;off&#8221; global_colors_info=&#8221;{}&#8221;][et_pb_column type=&#8221;4_4&#8243; _builder_version=&#8221;4.17.4&#8243; _module_preset=&#8221;default&#8221; global_colors_info=&#8221;{}&#8221;][et_pb_text _builder_version=&#8221;4.27.4&#8243; _module_preset=&#8221;default&#8221; global_colors_info=&#8221;{}&#8221;]<\/p>\n<h2>Skydda dig mot v\u00e4gl\u00f6ss med abecos luslist Lusifer<\/h2>\n<p>[\/et_pb_text][\/et_pb_column][\/et_pb_row][et_pb_row column_structure=&#8221;1_2,1_2&#8243; _builder_version=&#8221;4.27.4&#8243; _module_preset=&#8221;default&#8221; width=&#8221;100%&#8221; max_width=&#8221;1000px&#8221; custom_padding=&#8221;0px||0px||false|false&#8221; locked=&#8221;off&#8221; global_colors_info=&#8221;{}&#8221;][et_pb_column type=&#8221;1_2&#8243; _builder_version=&#8221;4.17.4&#8243; _module_preset=&#8221;default&#8221; global_colors_info=&#8221;{}&#8221;][et_pb_text _builder_version=&#8221;4.27.4&#8243; _module_preset=&#8221;default&#8221; global_colors_info=&#8221;{}&#8221;]I den moderna, globala, r\u00f6rliga v\u00e4rld vi nu lever har det blivit allt vanligare med v\u00e4ggl\u00f6ss i Sverige. Varje \u00e5r g\u00f6rs drygt 35\u202f000 saneringar av v\u00e4ggl\u00f6ss i Sverige. En v\u00e4gglus-sanering \u00e4r en omfattande och kostsam process, som dessutom tenderar dra ut i tid. Den boende beh\u00f6ver under v\u00e4rmesaneringen hitta ett alternativt boende.  [\/et_pb_text][\/et_pb_column][et_pb_column type=&#8221;1_2&#8243; _builder_version=&#8221;4.17.4&#8243; _module_preset=&#8221;default&#8221; global_colors_info=&#8221;{}&#8221;][et_pb_text _builder_version=&#8221;4.27.4&#8243; _module_preset=&#8221;default&#8221; global_colors_info=&#8221;{}&#8221;]Det \u00e4r en god id\u00e9 att skaffa ett preventivt skydd mot v\u00e4ggl\u00f6ss. Detta kan du g\u00f6ra genom att du montera abecos golvsockel\/golvlist eller kabelsockel\/kabellist Lusifer. I denna sockel eller list d\u00f6ljer sig lustejpen Nattaro Safe\u00ae med det aktiva \u00e4mnet kiselgur, som \u00e4r ofarligt f\u00f6r m\u00e4nniskor och husdjur, men har d\u00f6dlig effekt p\u00e5 v\u00e4ggl\u00f6ss, silverfisk, myror och sm\u00e5 kackerlackor. L\u00e4s mer om hur v\u00e5r produkt fungerar <strong><a href=\"\/lusifer\/\">h\u00e4r<\/a>.<\/strong>[\/et_pb_text][\/et_pb_column][\/et_pb_row][\/et_pb_section]<\/p>\n","protected":false},"excerpt":{"rendered":"<p>V\u00e4ggl\u00f6ssAllt du beh\u00f6ver veta om v\u00e4ggl\u00f6ss V\u00e4ggl\u00f6ss \u00e4r sm\u00e5, platta insekter som livn\u00e4r sig p\u00e5 blod och framf\u00f6r allt gillar att h\u00e5lla till och g\u00f6mma sig n\u00e4ra d\u00e4r m\u00e4nniskor sover \u2013 i s\u00e4ngar, m\u00f6bler, lister eller sprickor i v\u00e4ggar. De \u00e4r inte farliga men kan orsaka stora besv\u00e4r i form av kl\u00e5da, oro och s\u00f6mnproblem. [&hellip;]<\/p>\n","protected":false},"author":5,"featured_media":0,"parent":0,"menu_order":0,"comment_status":"closed","ping_status":"closed","template":"","meta":{"_et_pb_use_builder":"on","_et_pb_old_content":"","_et_gb_content_width":"","footnotes":""},"class_list":["post-237061","page","type-page","status-publish","hentry"],"yoast_head":"<!-- This site is optimized with the Yoast SEO Premium plugin v20.8 (Yoast SEO v27.1.1) - https:\/\/yoast.com\/product\/yoast-seo-premium-wordpress\/ -->\n<title>V\u00e4ggl\u00f6ss - abeco<\/title>\n<meta name=\"robots\" content=\"index, follow, max-snippet:-1, max-image-preview:large, max-video-preview:-1\" \/>\n<link rel=\"canonical\" href=\"https:\/\/abeco.se\/de\/vaggloss\/\" \/>\n<meta property=\"og:locale\" content=\"de_DE\" \/>\n<meta property=\"og:type\" content=\"article\" \/>\n<meta property=\"og:title\" content=\"V\u00e4ggl\u00f6ss\" \/>\n<meta property=\"og:description\" content=\"V\u00e4ggl\u00f6ssAllt du beh\u00f6ver veta om v\u00e4ggl\u00f6ss V\u00e4ggl\u00f6ss \u00e4r sm\u00e5, platta insekter som livn\u00e4r sig p\u00e5 blod och framf\u00f6r allt gillar att h\u00e5lla till och g\u00f6mma sig n\u00e4ra d\u00e4r m\u00e4nniskor sover \u2013 i s\u00e4ngar, m\u00f6bler, lister eller sprickor i v\u00e4ggar. De \u00e4r inte farliga men kan orsaka stora besv\u00e4r i form av kl\u00e5da, oro och s\u00f6mnproblem. [&hellip;]\" \/>\n<meta property=\"og:url\" content=\"https:\/\/abeco.se\/de\/vaggloss\/\" \/>\n<meta property=\"og:site_name\" content=\"abeco\" \/>\n<meta property=\"article:modified_time\" content=\"2025-04-14T05:25:08+00:00\" \/>\n<meta name=\"twitter:card\" content=\"summary_large_image\" \/>\n<script type=\"application\/ld+json\" class=\"yoast-schema-graph\">{\"@context\":\"https:\/\/schema.org\",\"@graph\":[{\"@type\":\"WebPage\",\"@id\":\"https:\/\/abeco.se\/vaggloss\/\",\"url\":\"https:\/\/abeco.se\/vaggloss\/\",\"name\":\"V\u00e4ggl\u00f6ss - abeco\",\"isPartOf\":{\"@id\":\"https:\/\/abeco.se\/#website\"},\"datePublished\":\"2025-04-10T12:30:07+00:00\",\"dateModified\":\"2025-04-14T05:25:08+00:00\",\"breadcrumb\":{\"@id\":\"https:\/\/abeco.se\/vaggloss\/#breadcrumb\"},\"inLanguage\":\"de\",\"potentialAction\":[{\"@type\":\"ReadAction\",\"target\":[\"https:\/\/abeco.se\/vaggloss\/\"]}]},{\"@type\":\"BreadcrumbList\",\"@id\":\"https:\/\/abeco.se\/vaggloss\/#breadcrumb\",\"itemListElement\":[{\"@type\":\"ListItem\",\"position\":1,\"name\":\"Home\",\"item\":\"https:\/\/abeco.se\/\"},{\"@type\":\"ListItem\",\"position\":2,\"name\":\"V\u00e4ggl\u00f6ss\"}]},{\"@type\":\"WebSite\",\"@id\":\"https:\/\/abeco.se\/#website\",\"url\":\"https:\/\/abeco.se\/\",\"name\":\"abeco\",\"description\":\"\",\"potentialAction\":[{\"@type\":\"SearchAction\",\"target\":{\"@type\":\"EntryPoint\",\"urlTemplate\":\"https:\/\/abeco.se\/?s={search_term_string}\"},\"query-input\":{\"@type\":\"PropertyValueSpecification\",\"valueRequired\":true,\"valueName\":\"search_term_string\"}}],\"inLanguage\":\"de\"}]}<\/script>\n<!-- \/ Yoast SEO Premium plugin. -->","yoast_head_json":{"title":"V\u00e4ggl\u00f6ss - abeco","robots":{"index":"index","follow":"follow","max-snippet":"max-snippet:-1","max-image-preview":"max-image-preview:large","max-video-preview":"max-video-preview:-1"},"canonical":"https:\/\/abeco.se\/de\/vaggloss\/","og_locale":"de_DE","og_type":"article","og_title":"V\u00e4ggl\u00f6ss","og_description":"V\u00e4ggl\u00f6ssAllt du beh\u00f6ver veta om v\u00e4ggl\u00f6ss V\u00e4ggl\u00f6ss \u00e4r sm\u00e5, platta insekter som livn\u00e4r sig p\u00e5 blod och framf\u00f6r allt gillar att h\u00e5lla till och g\u00f6mma sig n\u00e4ra d\u00e4r m\u00e4nniskor sover \u2013 i s\u00e4ngar, m\u00f6bler, lister eller sprickor i v\u00e4ggar. De \u00e4r inte farliga men kan orsaka stora besv\u00e4r i form av kl\u00e5da, oro och s\u00f6mnproblem. [&hellip;]","og_url":"https:\/\/abeco.se\/de\/vaggloss\/","og_site_name":"abeco","article_modified_time":"2025-04-14T05:25:08+00:00","twitter_card":"summary_large_image","schema":{"@context":"https:\/\/schema.org","@graph":[{"@type":"WebPage","@id":"https:\/\/abeco.se\/vaggloss\/","url":"https:\/\/abeco.se\/vaggloss\/","name":"V\u00e4ggl\u00f6ss - abeco","isPartOf":{"@id":"https:\/\/abeco.se\/#website"},"datePublished":"2025-04-10T12:30:07+00:00","dateModified":"2025-04-14T05:25:08+00:00","breadcrumb":{"@id":"https:\/\/abeco.se\/vaggloss\/#breadcrumb"},"inLanguage":"de","potentialAction":[{"@type":"ReadAction","target":["https:\/\/abeco.se\/vaggloss\/"]}]},{"@type":"BreadcrumbList","@id":"https:\/\/abeco.se\/vaggloss\/#breadcrumb","itemListElement":[{"@type":"ListItem","position":1,"name":"Home","item":"https:\/\/abeco.se\/"},{"@type":"ListItem","position":2,"name":"V\u00e4ggl\u00f6ss"}]},{"@type":"WebSite","@id":"https:\/\/abeco.se\/#website","url":"https:\/\/abeco.se\/","name":"abeco","description":"","potentialAction":[{"@type":"SearchAction","target":{"@type":"EntryPoint","urlTemplate":"https:\/\/abeco.se\/?s={search_term_string}"},"query-input":{"@type":"PropertyValueSpecification","valueRequired":true,"valueName":"search_term_string"}}],"inLanguage":"de"}]}},"_links":{"self":[{"href":"https:\/\/abeco.se\/de\/wp-json\/wp\/v2\/pages\/237061","targetHints":{"allow":["GET"]}}],"collection":[{"href":"https:\/\/abeco.se\/de\/wp-json\/wp\/v2\/pages"}],"about":[{"href":"https:\/\/abeco.se\/de\/wp-json\/wp\/v2\/types\/page"}],"author":[{"embeddable":true,"href":"https:\/\/abeco.se\/de\/wp-json\/wp\/v2\/users\/5"}],"replies":[{"embeddable":true,"href":"https:\/\/abeco.se\/de\/wp-json\/wp\/v2\/comments?post=237061"}],"version-history":[{"count":0,"href":"https:\/\/abeco.se\/de\/wp-json\/wp\/v2\/pages\/237061\/revisions"}],"wp:attachment":[{"href":"https:\/\/abeco.se\/de\/wp-json\/wp\/v2\/media?parent=237061"}],"curies":[{"name":"wp","href":"https:\/\/api.w.org\/{rel}","templated":true}]}}