{"id":236652,"date":"2023-02-17T09:43:06","date_gmt":"2023-02-17T08:43:06","guid":{"rendered":"https:\/\/abeco.se\/?page_id=236652"},"modified":"2025-03-13T08:05:17","modified_gmt":"2025-03-13T07:05:17","slug":"ribbor-till-akustikpaneler","status":"publish","type":"page","link":"http:\/\/abeco.se\/de\/ribbor-till-akustikpaneler\/","title":{"rendered":"Ribbor till akustikpaneler"},"content":{"rendered":"<p>[et_pb_section fb_built=&#8221;1&#8243; custom_padding_last_edited=&#8221;on|phone&#8221; _builder_version=&#8221;4.16&#8243; _module_preset=&#8221;default&#8221; background_image=&#8221;https:\/\/abeco.se\/wp-content\/uploads\/2021\/11\/skog.jpg&#8221; custom_padding=&#8221;||||false|false&#8221; custom_padding_tablet=&#8221;&#8221; custom_padding_phone=&#8221;0px||0px||false|false&#8221; global_colors_info=&#8221;{}&#8221;][et_pb_row _builder_version=&#8221;4.16&#8243; _module_preset=&#8221;default&#8221; custom_margin=&#8221;||||false|false&#8221; global_colors_info=&#8221;{}&#8221;][et_pb_column type=&#8221;4_4&#8243; _builder_version=&#8221;4.16&#8243; _module_preset=&#8221;default&#8221; global_colors_info=&#8221;{}&#8221;][et_pb_text _builder_version=&#8221;4.27.4&#8243; _module_preset=&#8221;default&#8221; header_text_color=&#8221;#FFFFFF&#8221; header_font_size=&#8221;40px&#8221; hover_enabled=&#8221;0&#8243; global_colors_info=&#8221;{}&#8221; sticky_enabled=&#8221;0&#8243;]<\/p>\n<h1 class=\"page-title\">Ribbor till akustikpaneler och ribbv\u00e4ggar<\/h1>\n<p>[\/et_pb_text][\/et_pb_column][\/et_pb_row][\/et_pb_section][et_pb_section fb_built=&#8221;1&#8243; _builder_version=&#8221;4.16&#8243; _module_preset=&#8221;default&#8221; global_colors_info=&#8221;{}&#8221;][et_pb_row column_structure=&#8221;2_3,1_3&#8243; _builder_version=&#8221;4.17.4&#8243; _module_preset=&#8221;default&#8221; custom_padding=&#8221;||||false|false&#8221; global_colors_info=&#8221;{}&#8221;][et_pb_column type=&#8221;2_3&#8243; _builder_version=&#8221;4.17.4&#8243; _module_preset=&#8221;default&#8221; global_colors_info=&#8221;{}&#8221;][et_pb_text _builder_version=&#8221;4.17.4&#8243; _module_preset=&#8221;default&#8221; text_font_size=&#8221;16px&#8221; link_text_color=&#8221;#0645ad&#8221; global_colors_info=&#8221;{}&#8221;]<\/p>\n<p>Ribbor till akustikpaneler \u00e4r en viktig komponent f\u00f6r att skapa h\u00f6gkvalitativa akustikpaneler och ribbv\u00e4ggar. De tillhandah\u00e5ller styrka och stabilitet till panelerna, samtidigt som de bidrar till ribbv\u00e4ggarnas estetik och design. abeco tillverkar och ommantlar sedan 1970-talet inredningsdetaljer och kan erbjuda ditt f\u00f6retag olika typer av ribbor till akustikpaneler.\u00a0\u00a0<\/p>\n<p><a href=\"https:\/\/abeco.se\/kontakt\/\"><span style=\"text-decoration: underline;\">Kontakta oss g\u00e4rna f\u00f6r mer information!<\/span><\/a><\/p>\n<p>[\/et_pb_text][et_pb_text _builder_version=&#8221;4.27.4&#8243; _module_preset=&#8221;default&#8221; text_font_size=&#8221;16px&#8221; link_text_color=&#8221;#0645ad&#8221; hover_enabled=&#8221;0&#8243; global_colors_info=&#8221;{}&#8221; sticky_enabled=&#8221;0&#8243;]<\/p>\n<h2 class=\"section-title\"><span>Tillverkning av akustikpaneler och ribbv\u00e4ggar<\/span><\/h2>\n<p>Som tillverkare av akustikpaneler och ribbv\u00e4ggar \u00e4r det viktigt att erbjuda en bred variation av ribbor f\u00f6r att m\u00f6ta de olika behoven och preferenserna hos kunden. Ribbor kan finnas i olika f\u00e4rger och tr\u00e4slag, exempelvis ek, bj\u00f6rk, ask och valn\u00f6t, och de kan ocks\u00e5 vara lackade eller oljade efter kunds \u00f6nskem\u00e5l. Det \u00e4r ocks\u00e5 viktigt att anv\u00e4nda h\u00f6gkvalitativt material f\u00f6r ribborna, f\u00f6r att garantera att panelerna \u00e4r tillf\u00f6rlitliga och h\u00e5ller \u00f6ver tid. Ribborna g\u00f6rs exakt m\u00e5ttanpassade f\u00f6r att passa perfekt med panelerna. \u00d6nskar man \u00e4ven att \u00e4ndarna p\u00e5 ribborna \u00e4r fan\u00e9rade, till exempel till en ribbv\u00e4gg med liggande ribbor, s\u00e5 kan abeco \u00e4ven \u00e4ndkanta dem.[\/et_pb_text][et_pb_text _builder_version=&#8221;4.27.4&#8243; _module_preset=&#8221;default&#8221; text_font_size=&#8221;16px&#8221; link_font=&#8221;||||on||||&#8221; link_text_color=&#8221;#0645ad&#8221; hover_enabled=&#8221;0&#8243; global_colors_info=&#8221;{}&#8221; sticky_enabled=&#8221;0&#8243;]<\/p>\n<h2 class=\"section-title\">Kundanpassade l\u00f6sningar<\/h2>\n<p>abeco erbjuder dig som tillverkare av akustiskpaneler ribbor anpassade efter ert behov. abeco tar fram m\u00e5ttanpassade ribbor efter kundens specifikation. Vi kan erbjuda ommantlade ribbor med antingen olackad eller lackad fan\u00e9r, eller med ett billigare foliealternativ. Vill man ha kontrast med en synlig MDF-kant, till exempel svart MDF, s\u00e5 kan vi \u00e4ven erbjuda fan\u00e9rbelagda svarta MDF-skivor som \u00e4r upps\u00e5gade till ribbor efter kundens \u00f6nskem\u00e5l. H\u00f6r g\u00e4rna av er med er f\u00f6rfr\u00e5gan, vi p\u00e5 abeco kan detta med ribbor!<\/p>\n<p><span style=\"text-decoration: underline;\"><a href=\"https:\/\/abeco.se\/ytmaterial\/\">H\u00e4r kan du se n\u00e5gra exempel p\u00e5 ytmaterial.<\/a><\/span>[\/et_pb_text][\/et_pb_column][et_pb_column type=&#8221;1_3&#8243; _builder_version=&#8221;4.17.4&#8243; _module_preset=&#8221;default&#8221; global_colors_info=&#8221;{}&#8221;][et_pb_image src=&#8221;https:\/\/abeco.se\/wp-content\/uploads\/2023\/02\/ribbor-akustikpaneler.jpg&#8221; alt=&#8221;ribbor till akustikpaneler och ribbv\u00e4ggar&#8221; title_text=&#8221;ribbor akustikpaneler&#8221; _builder_version=&#8221;4.17.4&#8243; _module_preset=&#8221;default&#8221; global_colors_info=&#8221;{}&#8221;][\/et_pb_image][\/et_pb_column][\/et_pb_row][et_pb_row _builder_version=&#8221;4.17.4&#8243; _module_preset=&#8221;default&#8221; locked=&#8221;off&#8221; global_colors_info=&#8221;{}&#8221;][et_pb_column type=&#8221;4_4&#8243; _builder_version=&#8221;4.17.4&#8243; _module_preset=&#8221;default&#8221; global_colors_info=&#8221;{}&#8221;][et_pb_text _builder_version=&#8221;4.27.4&#8243; _module_preset=&#8221;default&#8221; hover_enabled=&#8221;0&#8243; global_colors_info=&#8221;{}&#8221; sticky_enabled=&#8221;0&#8243;]<\/p>\n<h3 class=\"small-title\">Intresserad? Kontakta oss!<\/h3>\n<p>[\/et_pb_text][et_pb_contact_form use_spam_service=&#8221;on&#8221; recaptcha_list=&#8221;abeco-0&#8243; email=&#8221;lars@abeco.se, kontor@abeco.se&#8221; title=&#8221;Akustikpaneler &#8211; Formul\u00e4r&#8221; custom_message=&#8221;| Namn | %%Name%%||et_pb_line_break_holder||| F\u00f6retagsnamn | %%foretagsnamn%%||et_pb_line_break_holder||| Email | %%Email%%||et_pb_line_break_holder|||Meddelande | %%Message%%&#8221; success_message=&#8221;Tack, vi har tagit emot ditt meddelande och \u00e5terkommer s\u00e5 snart vi kan!&#8221; _builder_version=&#8221;4.17.4&#8243; _module_preset=&#8221;default&#8221; _unique_id=&#8221;f1e386aa-6380-41bd-a855-3cbb55b9671f&#8221; custom_button=&#8221;on&#8221; button_text_color=&#8221;#011c39&#8243; custom_css_contact_title=&#8221;display: none;&#8221; global_colors_info=&#8221;{}&#8221;][et_pb_contact_field field_id=&#8221;Name&#8221; field_title=&#8221;Namn&#8221; fullwidth_field=&#8221;on&#8221; _builder_version=&#8221;4.17.4&#8243; global_colors_info=&#8221;{}&#8221; button_text_size__hover_enabled=&#8221;off&#8221; button_one_text_size__hover_enabled=&#8221;off&#8221; button_two_text_size__hover_enabled=&#8221;off&#8221; button_text_color__hover_enabled=&#8221;off&#8221; button_one_text_color__hover_enabled=&#8221;off&#8221; button_two_text_color__hover_enabled=&#8221;off&#8221; button_border_width__hover_enabled=&#8221;off&#8221; button_one_border_width__hover_enabled=&#8221;off&#8221; button_two_border_width__hover_enabled=&#8221;off&#8221; button_border_color__hover_enabled=&#8221;off&#8221; button_one_border_color__hover_enabled=&#8221;off&#8221; button_two_border_color__hover_enabled=&#8221;off&#8221; button_border_radius__hover_enabled=&#8221;off&#8221; button_one_border_radius__hover_enabled=&#8221;off&#8221; button_two_border_radius__hover_enabled=&#8221;off&#8221; button_letter_spacing__hover_enabled=&#8221;off&#8221; button_one_letter_spacing__hover_enabled=&#8221;off&#8221; button_two_letter_spacing__hover_enabled=&#8221;off&#8221; button_bg_color__hover_enabled=&#8221;off&#8221; button_one_bg_color__hover_enabled=&#8221;off&#8221; button_two_bg_color__hover_enabled=&#8221;off&#8221;][\/et_pb_contact_field][et_pb_contact_field field_id=&#8221;foretagsnamn&#8221; field_title=&#8221;F\u00f6retagsnamn&#8221; fullwidth_field=&#8221;on&#8221; _builder_version=&#8221;4.17.4&#8243; global_colors_info=&#8221;{}&#8221; button_text_size__hover_enabled=&#8221;off&#8221; button_one_text_size__hover_enabled=&#8221;off&#8221; button_two_text_size__hover_enabled=&#8221;off&#8221; button_text_color__hover_enabled=&#8221;off&#8221; button_one_text_color__hover_enabled=&#8221;off&#8221; button_two_text_color__hover_enabled=&#8221;off&#8221; button_border_width__hover_enabled=&#8221;off&#8221; button_one_border_width__hover_enabled=&#8221;off&#8221; button_two_border_width__hover_enabled=&#8221;off&#8221; button_border_color__hover_enabled=&#8221;off&#8221; button_one_border_color__hover_enabled=&#8221;off&#8221; button_two_border_color__hover_enabled=&#8221;off&#8221; button_border_radius__hover_enabled=&#8221;off&#8221; button_one_border_radius__hover_enabled=&#8221;off&#8221; button_two_border_radius__hover_enabled=&#8221;off&#8221; button_letter_spacing__hover_enabled=&#8221;off&#8221; button_one_letter_spacing__hover_enabled=&#8221;off&#8221; button_two_letter_spacing__hover_enabled=&#8221;off&#8221; button_bg_color__hover_enabled=&#8221;off&#8221; button_one_bg_color__hover_enabled=&#8221;off&#8221; button_two_bg_color__hover_enabled=&#8221;off&#8221;][\/et_pb_contact_field][et_pb_contact_field field_id=&#8221;Email&#8221; field_title=&#8221;E-postadress&#8221; field_type=&#8221;email&#8221; fullwidth_field=&#8221;on&#8221; _builder_version=&#8221;4.17.4&#8243; global_colors_info=&#8221;{}&#8221; button_text_size__hover_enabled=&#8221;off&#8221; button_one_text_size__hover_enabled=&#8221;off&#8221; button_two_text_size__hover_enabled=&#8221;off&#8221; button_text_color__hover_enabled=&#8221;off&#8221; button_one_text_color__hover_enabled=&#8221;off&#8221; button_two_text_color__hover_enabled=&#8221;off&#8221; button_border_width__hover_enabled=&#8221;off&#8221; button_one_border_width__hover_enabled=&#8221;off&#8221; button_two_border_width__hover_enabled=&#8221;off&#8221; button_border_color__hover_enabled=&#8221;off&#8221; button_one_border_color__hover_enabled=&#8221;off&#8221; button_two_border_color__hover_enabled=&#8221;off&#8221; button_border_radius__hover_enabled=&#8221;off&#8221; button_one_border_radius__hover_enabled=&#8221;off&#8221; button_two_border_radius__hover_enabled=&#8221;off&#8221; button_letter_spacing__hover_enabled=&#8221;off&#8221; button_one_letter_spacing__hover_enabled=&#8221;off&#8221; button_two_letter_spacing__hover_enabled=&#8221;off&#8221; button_bg_color__hover_enabled=&#8221;off&#8221; button_one_bg_color__hover_enabled=&#8221;off&#8221; button_two_bg_color__hover_enabled=&#8221;off&#8221;][\/et_pb_contact_field][et_pb_contact_field field_id=&#8221;Message&#8221; field_title=&#8221;Meddelande&#8221; field_type=&#8221;text&#8221; fullwidth_field=&#8221;on&#8221; _builder_version=&#8221;4.16&#8243; global_colors_info=&#8221;{}&#8221; button_text_size__hover_enabled=&#8221;off&#8221; button_one_text_size__hover_enabled=&#8221;off&#8221; button_two_text_size__hover_enabled=&#8221;off&#8221; button_text_color__hover_enabled=&#8221;off&#8221; button_one_text_color__hover_enabled=&#8221;off&#8221; button_two_text_color__hover_enabled=&#8221;off&#8221; button_border_width__hover_enabled=&#8221;off&#8221; button_one_border_width__hover_enabled=&#8221;off&#8221; button_two_border_width__hover_enabled=&#8221;off&#8221; button_border_color__hover_enabled=&#8221;off&#8221; button_one_border_color__hover_enabled=&#8221;off&#8221; button_two_border_color__hover_enabled=&#8221;off&#8221; button_border_radius__hover_enabled=&#8221;off&#8221; button_one_border_radius__hover_enabled=&#8221;off&#8221; button_two_border_radius__hover_enabled=&#8221;off&#8221; button_letter_spacing__hover_enabled=&#8221;off&#8221; button_one_letter_spacing__hover_enabled=&#8221;off&#8221; button_two_letter_spacing__hover_enabled=&#8221;off&#8221; button_bg_color__hover_enabled=&#8221;off&#8221; button_one_bg_color__hover_enabled=&#8221;off&#8221; button_two_bg_color__hover_enabled=&#8221;off&#8221;][\/et_pb_contact_field][\/et_pb_contact_form][\/et_pb_column][\/et_pb_row][\/et_pb_section]<\/p>\n","protected":false},"excerpt":{"rendered":"<p>Ribbor till akustikpaneler och ribbv\u00e4ggarRibbor till akustikpaneler \u00e4r en viktig komponent f\u00f6r att skapa h\u00f6gkvalitativa akustikpaneler och ribbv\u00e4ggar. De tillhandah\u00e5ller styrka och stabilitet till panelerna, samtidigt som de bidrar till ribbv\u00e4ggarnas estetik och design. abeco tillverkar och ommantlar sedan 1970-talet inredningsdetaljer och kan erbjuda ditt f\u00f6retag olika typer av ribbor till akustikpaneler.\u00a0\u00a0 Kontakta oss g\u00e4rna [&hellip;]<\/p>\n","protected":false},"author":1,"featured_media":236666,"parent":0,"menu_order":0,"comment_status":"closed","ping_status":"closed","template":"","meta":{"_et_pb_use_builder":"on","_et_pb_old_content":"","_et_gb_content_width":"","footnotes":""},"class_list":["post-236652","page","type-page","status-publish","has-post-thumbnail","hentry"],"yoast_head":"<!-- This site is optimized with the Yoast SEO Premium plugin v20.8 (Yoast SEO v27.3) - https:\/\/yoast.com\/product\/yoast-seo-premium-wordpress\/ -->\n<title>Ribbor till akustikpaneler - abeco<\/title>\n<meta name=\"description\" content=\"abeco tillverkar ribbor till akustikpaneler. Vi \u00e4r flexibla och erbjuder kundanpassade l\u00f6sningar f\u00f6r tillverkning av ribbv\u00e4ggar.\" \/>\n<meta name=\"robots\" content=\"index, follow, max-snippet:-1, max-image-preview:large, max-video-preview:-1\" \/>\n<link rel=\"canonical\" href=\"https:\/\/abeco.se\/de\/ribbor-till-akustikpaneler\/\" \/>\n<meta property=\"og:locale\" content=\"de_DE\" \/>\n<meta property=\"og:type\" content=\"article\" \/>\n<meta property=\"og:title\" content=\"Ribbor till akustikpaneler\" \/>\n<meta property=\"og:description\" content=\"abeco tillverkar ribbor till akustikpaneler. Vi \u00e4r flexibla och erbjuder kundanpassade l\u00f6sningar f\u00f6r tillverkning av ribbv\u00e4ggar.\" \/>\n<meta property=\"og:url\" content=\"https:\/\/abeco.se\/de\/ribbor-till-akustikpaneler\/\" \/>\n<meta property=\"og:site_name\" content=\"abeco\" \/>\n<meta property=\"article:modified_time\" content=\"2025-03-13T07:05:17+00:00\" \/>\n<meta property=\"og:image\" content=\"https:\/\/abeco.se\/wp-content\/uploads\/2023\/02\/ribbor-akustikpaneler.jpg\" \/>\n\t<meta property=\"og:image:width\" content=\"800\" \/>\n\t<meta property=\"og:image:height\" content=\"600\" \/>\n\t<meta property=\"og:image:type\" content=\"image\/jpeg\" \/>\n<meta name=\"twitter:card\" content=\"summary_large_image\" \/>\n<meta name=\"twitter:label1\" content=\"Gesch\u00e4tzte Lesezeit\" \/>\n\t<meta name=\"twitter:data1\" content=\"2\u00a0Minuten\" \/>\n<script type=\"application\/ld+json\" class=\"yoast-schema-graph\">{\"@context\":\"https:\\\/\\\/schema.org\",\"@graph\":[{\"@type\":\"WebPage\",\"@id\":\"https:\\\/\\\/abeco.se\\\/ribbor-till-akustikpaneler\\\/\",\"url\":\"https:\\\/\\\/abeco.se\\\/ribbor-till-akustikpaneler\\\/\",\"name\":\"Ribbor till akustikpaneler - abeco\",\"isPartOf\":{\"@id\":\"https:\\\/\\\/abeco.se\\\/#website\"},\"primaryImageOfPage\":{\"@id\":\"https:\\\/\\\/abeco.se\\\/ribbor-till-akustikpaneler\\\/#primaryimage\"},\"image\":{\"@id\":\"https:\\\/\\\/abeco.se\\\/ribbor-till-akustikpaneler\\\/#primaryimage\"},\"thumbnailUrl\":\"https:\\\/\\\/abeco.se\\\/wp-content\\\/uploads\\\/2023\\\/02\\\/ribbor-akustikpaneler.jpg\",\"datePublished\":\"2023-02-17T08:43:06+00:00\",\"dateModified\":\"2025-03-13T07:05:17+00:00\",\"description\":\"abeco tillverkar ribbor till akustikpaneler. Vi \u00e4r flexibla och erbjuder kundanpassade l\u00f6sningar f\u00f6r tillverkning av ribbv\u00e4ggar.\",\"breadcrumb\":{\"@id\":\"https:\\\/\\\/abeco.se\\\/ribbor-till-akustikpaneler\\\/#breadcrumb\"},\"inLanguage\":\"de\",\"potentialAction\":[{\"@type\":\"ReadAction\",\"target\":[\"https:\\\/\\\/abeco.se\\\/ribbor-till-akustikpaneler\\\/\"]}]},{\"@type\":\"ImageObject\",\"inLanguage\":\"de\",\"@id\":\"https:\\\/\\\/abeco.se\\\/ribbor-till-akustikpaneler\\\/#primaryimage\",\"url\":\"https:\\\/\\\/abeco.se\\\/wp-content\\\/uploads\\\/2023\\\/02\\\/ribbor-akustikpaneler.jpg\",\"contentUrl\":\"https:\\\/\\\/abeco.se\\\/wp-content\\\/uploads\\\/2023\\\/02\\\/ribbor-akustikpaneler.jpg\",\"width\":800,\"height\":600,\"caption\":\"ribbor till akustikpaneler och ribbv\u00e4ggar\"},{\"@type\":\"BreadcrumbList\",\"@id\":\"https:\\\/\\\/abeco.se\\\/ribbor-till-akustikpaneler\\\/#breadcrumb\",\"itemListElement\":[{\"@type\":\"ListItem\",\"position\":1,\"name\":\"Home\",\"item\":\"https:\\\/\\\/abeco.se\\\/\"},{\"@type\":\"ListItem\",\"position\":2,\"name\":\"Ribbor till akustikpaneler\"}]},{\"@type\":\"WebSite\",\"@id\":\"https:\\\/\\\/abeco.se\\\/#website\",\"url\":\"https:\\\/\\\/abeco.se\\\/\",\"name\":\"abeco\",\"description\":\"\",\"potentialAction\":[{\"@type\":\"SearchAction\",\"target\":{\"@type\":\"EntryPoint\",\"urlTemplate\":\"https:\\\/\\\/abeco.se\\\/?s={search_term_string}\"},\"query-input\":{\"@type\":\"PropertyValueSpecification\",\"valueRequired\":true,\"valueName\":\"search_term_string\"}}],\"inLanguage\":\"de\"}]}<\/script>\n<!-- \/ Yoast SEO Premium plugin. -->","yoast_head_json":{"title":"Ribbor till akustikpaneler - abeco","description":"abeco tillverkar ribbor till akustikpaneler. Vi \u00e4r flexibla och erbjuder kundanpassade l\u00f6sningar f\u00f6r tillverkning av ribbv\u00e4ggar.","robots":{"index":"index","follow":"follow","max-snippet":"max-snippet:-1","max-image-preview":"max-image-preview:large","max-video-preview":"max-video-preview:-1"},"canonical":"https:\/\/abeco.se\/de\/ribbor-till-akustikpaneler\/","og_locale":"de_DE","og_type":"article","og_title":"Ribbor till akustikpaneler","og_description":"abeco tillverkar ribbor till akustikpaneler. Vi \u00e4r flexibla och erbjuder kundanpassade l\u00f6sningar f\u00f6r tillverkning av ribbv\u00e4ggar.","og_url":"https:\/\/abeco.se\/de\/ribbor-till-akustikpaneler\/","og_site_name":"abeco","article_modified_time":"2025-03-13T07:05:17+00:00","og_image":[{"width":800,"height":600,"url":"https:\/\/abeco.se\/wp-content\/uploads\/2023\/02\/ribbor-akustikpaneler.jpg","type":"image\/jpeg"}],"twitter_card":"summary_large_image","twitter_misc":{"Gesch\u00e4tzte Lesezeit":"2\u00a0Minuten"},"schema":{"@context":"https:\/\/schema.org","@graph":[{"@type":"WebPage","@id":"https:\/\/abeco.se\/ribbor-till-akustikpaneler\/","url":"https:\/\/abeco.se\/ribbor-till-akustikpaneler\/","name":"Ribbor till akustikpaneler - abeco","isPartOf":{"@id":"https:\/\/abeco.se\/#website"},"primaryImageOfPage":{"@id":"https:\/\/abeco.se\/ribbor-till-akustikpaneler\/#primaryimage"},"image":{"@id":"https:\/\/abeco.se\/ribbor-till-akustikpaneler\/#primaryimage"},"thumbnailUrl":"https:\/\/abeco.se\/wp-content\/uploads\/2023\/02\/ribbor-akustikpaneler.jpg","datePublished":"2023-02-17T08:43:06+00:00","dateModified":"2025-03-13T07:05:17+00:00","description":"abeco tillverkar ribbor till akustikpaneler. Vi \u00e4r flexibla och erbjuder kundanpassade l\u00f6sningar f\u00f6r tillverkning av ribbv\u00e4ggar.","breadcrumb":{"@id":"https:\/\/abeco.se\/ribbor-till-akustikpaneler\/#breadcrumb"},"inLanguage":"de","potentialAction":[{"@type":"ReadAction","target":["https:\/\/abeco.se\/ribbor-till-akustikpaneler\/"]}]},{"@type":"ImageObject","inLanguage":"de","@id":"https:\/\/abeco.se\/ribbor-till-akustikpaneler\/#primaryimage","url":"https:\/\/abeco.se\/wp-content\/uploads\/2023\/02\/ribbor-akustikpaneler.jpg","contentUrl":"https:\/\/abeco.se\/wp-content\/uploads\/2023\/02\/ribbor-akustikpaneler.jpg","width":800,"height":600,"caption":"ribbor till akustikpaneler och ribbv\u00e4ggar"},{"@type":"BreadcrumbList","@id":"https:\/\/abeco.se\/ribbor-till-akustikpaneler\/#breadcrumb","itemListElement":[{"@type":"ListItem","position":1,"name":"Home","item":"https:\/\/abeco.se\/"},{"@type":"ListItem","position":2,"name":"Ribbor till akustikpaneler"}]},{"@type":"WebSite","@id":"https:\/\/abeco.se\/#website","url":"https:\/\/abeco.se\/","name":"abeco","description":"","potentialAction":[{"@type":"SearchAction","target":{"@type":"EntryPoint","urlTemplate":"https:\/\/abeco.se\/?s={search_term_string}"},"query-input":{"@type":"PropertyValueSpecification","valueRequired":true,"valueName":"search_term_string"}}],"inLanguage":"de"}]}},"_links":{"self":[{"href":"http:\/\/abeco.se\/de\/wp-json\/wp\/v2\/pages\/236652","targetHints":{"allow":["GET"]}}],"collection":[{"href":"http:\/\/abeco.se\/de\/wp-json\/wp\/v2\/pages"}],"about":[{"href":"http:\/\/abeco.se\/de\/wp-json\/wp\/v2\/types\/page"}],"author":[{"embeddable":true,"href":"http:\/\/abeco.se\/de\/wp-json\/wp\/v2\/users\/1"}],"replies":[{"embeddable":true,"href":"http:\/\/abeco.se\/de\/wp-json\/wp\/v2\/comments?post=236652"}],"version-history":[{"count":0,"href":"http:\/\/abeco.se\/de\/wp-json\/wp\/v2\/pages\/236652\/revisions"}],"wp:featuredmedia":[{"embeddable":true,"href":"http:\/\/abeco.se\/de\/wp-json\/wp\/v2\/media\/236666"}],"wp:attachment":[{"href":"http:\/\/abeco.se\/de\/wp-json\/wp\/v2\/media?parent=236652"}],"curies":[{"name":"wp","href":"https:\/\/api.w.org\/{rel}","templated":true}]}}